{"id":627,"date":"2026-01-10T13:22:33","date_gmt":"2026-01-10T13:22:33","guid":{"rendered":"https:\/\/www.eu-exit.com\/exit-insights\/"},"modified":"2026-02-06T11:42:52","modified_gmt":"2026-02-06T11:42:52","slug":"exit-insights","status":"publish","type":"page","link":"https:\/\/www.eu-exit.com\/sv\/exit-insights\/","title":{"rendered":"Exit Insights"},"content":{"rendered":"<p>[et_pb_section fb_built=&#8221;1&#8243; _builder_version=&#8221;4.17.4&#8243; _module_preset=&#8221;default&#8221; use_background_color_gradient=&#8221;on&#8221; background_color_gradient_direction=&#8221;164deg&#8221; background_color_gradient_stops=&#8221;#2d005d 60%|rgba(102, 13, 88, 1) 75%|#fe304c 100%&#8221; background_last_edited=&#8221;on|desktop&#8221; global_colors_info=&#8221;{}&#8221;][et_pb_row _builder_version=&#8221;4.17.4&#8243; _module_preset=&#8221;default&#8221; module_alignment=&#8221;center&#8221; custom_margin=&#8221;30px|0px||0px|false|true&#8221; custom_padding=&#8221;|0px||0px|false|true&#8221; global_colors_info=&#8221;{}&#8221;][et_pb_column type=&#8221;4_4&#8243; _builder_version=&#8221;4.17.4&#8243; _module_preset=&#8221;default&#8221; global_colors_info=&#8221;{}&#8221;][et_pb_text _builder_version=&#8221;4.17.4&#8243; _module_preset=&#8221;default&#8221; text_font=&#8221;REBECA||||||||&#8221; text_text_color=&#8221;#fe304c&#8221; text_font_size=&#8221;32px&#8221; text_orientation=&#8221;center&#8221; hover_enabled=&#8221;0&#8243; global_colors_info=&#8221;{}&#8221; sticky_enabled=&#8221;0&#8243;]<\/p>\n<p><b>Exit Insights<\/b><\/p>\n<p><b><\/b><\/p>\n<p>[\/et_pb_text][et_pb_text _builder_version=&#8221;4.17.4&#8243; _module_preset=&#8221;default&#8221; text_font=&#8221;Montserrat|300|||||||&#8221; text_text_color=&#8221;#FFFFFF&#8221; text_font_size=&#8221;22px&#8221; global_colors_info=&#8221;{}&#8221;]<\/p>\n<p><strong>EU-EXIT handlar inte om att fly fr\u00e5n ansvar.<\/strong><\/p>\n<p>Det handlar om att v\u00e4lja strukturer som \u00e4r r\u00e4ttvisa, f\u00f6ruts\u00e4gbara och anpassade till hur du lever och arbetar idag.<\/p>\n<p>De flesta l\u00e4mnar inte system p\u00e5 grund av en stor h\u00e4ndelse. De l\u00e4mnar p\u00e5 grund av sm\u00e5 insikter som ackumuleras \u00f6ver tid. <\/p>\n<p>Den h\u00e4r bloggen \u00e4r en plats f\u00f6r dessa insikter.<\/p>\n<p>Och f\u00f6r praktiska v\u00e4gar fram\u00e5t bortom de strukturer som inte l\u00e4ngre \u00e4r meningsfulla.<\/p>\n<p>Den h\u00e4r bloggen delar perspektiv, erfarenheter och praktiska insikter f\u00f6r m\u00e4nniskor som vill <b>skapa och leva och leva ett fritt liv<\/b>.<span class=\"Apple-converted-space\"> <\/span><\/p>\n<p>&nbsp;<\/p>\n<p>[\/et_pb_text][\/et_pb_column][\/et_pb_row][et_pb_row column_structure=&#8221;1_4,1_2,1_4&#8243; _builder_version=&#8221;4.17.4&#8243; _module_preset=&#8221;default&#8221; global_colors_info=&#8221;{}&#8221;][et_pb_column type=&#8221;1_4&#8243; _builder_version=&#8221;4.17.4&#8243; _module_preset=&#8221;default&#8221; global_colors_info=&#8221;{}&#8221;][\/et_pb_column][et_pb_column type=&#8221;1_2&#8243; _builder_version=&#8221;4.17.4&#8243; _module_preset=&#8221;default&#8221; global_colors_info=&#8221;{}&#8221;][et_pb_blog posts_number=&#8221;6&#8243; include_categories=&#8221;all&#8221; show_more=&#8221;on&#8221; show_author=&#8221;off&#8221; _builder_version=&#8221;4.17.4&#8243; _module_preset=&#8221;default&#8221; header_font=&#8221;Montserrat|||on|||||&#8221; header_text_color=&#8221;#FFFFFF&#8221; header_font_size=&#8221;16px&#8221; body_font=&#8221;Montserrat|300|||||||&#8221; body_text_color=&#8221;#FFFFFF&#8221; meta_font=&#8221;Montserrat||||||||&#8221; meta_text_color=&#8221;#FFFFFF&#8221; background_color=&#8221;RGBA(255,255,255,0)&#8221; global_colors_info=&#8221;{}&#8221;][\/et_pb_blog][\/et_pb_column][et_pb_column type=&#8221;1_4&#8243; _builder_version=&#8221;4.17.4&#8243; _module_preset=&#8221;default&#8221; global_colors_info=&#8221;{}&#8221;][\/et_pb_column][\/et_pb_row][\/et_pb_section]<\/p>\n","protected":false},"excerpt":{"rendered":"<p>Exit Insights EU-EXIT handlar inte om att fly fr\u00e5n ansvar. Det handlar om att v\u00e4lja strukturer som \u00e4r r\u00e4ttvisa, f\u00f6ruts\u00e4gbara och anpassade till hur du lever och arbetar idag. De flesta l\u00e4mnar inte system p\u00e5 grund av en stor h\u00e4ndelse. De l\u00e4mnar p\u00e5 grund av sm\u00e5 insikter som ackumuleras \u00f6ver tid. Den h\u00e4r bloggen \u00e4r [&hellip;]<\/p>\n","protected":false},"author":3,"featured_media":0,"parent":0,"menu_order":0,"comment_status":"closed","ping_status":"closed","template":"","meta":{"_et_pb_use_builder":"on","_et_pb_old_content":"","_et_gb_content_width":"","footnotes":""},"class_list":["post-627","page","type-page","status-publish","hentry"],"_links":{"self":[{"href":"https:\/\/www.eu-exit.com\/sv\/wp-json\/wp\/v2\/pages\/627","targetHints":{"allow":["GET"]}}],"collection":[{"href":"https:\/\/www.eu-exit.com\/sv\/wp-json\/wp\/v2\/pages"}],"about":[{"href":"https:\/\/www.eu-exit.com\/sv\/wp-json\/wp\/v2\/types\/page"}],"author":[{"embeddable":true,"href":"https:\/\/www.eu-exit.com\/sv\/wp-json\/wp\/v2\/users\/3"}],"replies":[{"embeddable":true,"href":"https:\/\/www.eu-exit.com\/sv\/wp-json\/wp\/v2\/comments?post=627"}],"version-history":[{"count":2,"href":"https:\/\/www.eu-exit.com\/sv\/wp-json\/wp\/v2\/pages\/627\/revisions"}],"predecessor-version":[{"id":629,"href":"https:\/\/www.eu-exit.com\/sv\/wp-json\/wp\/v2\/pages\/627\/revisions\/629"}],"wp:attachment":[{"href":"https:\/\/www.eu-exit.com\/sv\/wp-json\/wp\/v2\/media?parent=627"}],"curies":[{"name":"wp","href":"https:\/\/api.w.org\/{rel}","templated":true}]}}