{"id":188,"date":"2025-12-23T19:16:41","date_gmt":"2025-12-23T19:16:41","guid":{"rendered":"https:\/\/www.eu-exit.com\/integritetspolicy\/"},"modified":"2025-12-25T17:00:39","modified_gmt":"2025-12-25T17:00:39","slug":"integritetspolicy","status":"publish","type":"page","link":"https:\/\/www.eu-exit.com\/sv\/integritetspolicy\/","title":{"rendered":"Integritetspolicy"},"content":{"rendered":"<p>[et_pb_section fb_built=&#8221;1&#8243; _builder_version=&#8221;4.17.4&#8243; _module_preset=&#8221;default&#8221; background_color=&#8221;#FFFFFF&#8221; use_background_color_gradient=&#8221;on&#8221; background_color_gradient_stops=&#8221;#2d005d 51%|rgba(105, 14, 88, 1) 68%|#fe304c 100%&#8221; hover_enabled=&#8221;0&#8243; global_colors_info=&#8221;{}&#8221; background_color_gradient_direction=&#8221;158deg&#8221; sticky_enabled=&#8221;0&#8243; background_last_edited=&#8221;on|desktop&#8221; background_color_gradient_direction_phone=&#8221;156deg&#8221; background_color_gradient_direction_tablet=&#8221;156deg&#8221;][et_pb_row _builder_version=&#8221;4.17.4&#8243; _module_preset=&#8221;default&#8221; global_colors_info=&#8221;{}&#8221;][et_pb_column type=&#8221;4_4&#8243; _builder_version=&#8221;4.17.4&#8243; _module_preset=&#8221;default&#8221; global_colors_info=&#8221;{}&#8221;][et_pb_text _builder_version=&#8221;4.17.4&#8243; _module_preset=&#8221;default&#8221; header_font=&#8221;REBECA||||||||&#8221; header_text_align=&#8221;center&#8221; header_text_color=&#8221;#FFFFFF&#8221; header_font_size=&#8221;64px&#8221; module_alignment=&#8221;center&#8221; custom_margin=&#8221;||1px|||&#8221; global_colors_info=&#8221;{}&#8221;]<\/p>\n<h1>EU-EXIT<\/h1>\n<p>[\/et_pb_text][\/et_pb_column][\/et_pb_row][et_pb_row _builder_version=&#8221;4.17.4&#8243; _module_preset=&#8221;default&#8221; module_alignment=&#8221;center&#8221; custom_margin=&#8221;30px|0px||0px|false|true&#8221; custom_padding=&#8221;|0px||0px|false|true&#8221; global_colors_info=&#8221;{}&#8221;][et_pb_column type=&#8221;4_4&#8243; _builder_version=&#8221;4.17.4&#8243; _module_preset=&#8221;default&#8221; global_colors_info=&#8221;{}&#8221;][et_pb_text _builder_version=&#8221;4.17.4&#8243; _module_preset=&#8221;default&#8221; text_font=&#8221;REBECA||||||||&#8221; text_text_color=&#8221;#fe304c&#8221; text_font_size=&#8221;22px&#8221; global_colors_info=&#8221;{}&#8221;]<\/p>\n<p><b>Integritetspolicy<\/b><\/p>\n<p>[\/et_pb_text][et_pb_text _builder_version=&#8221;4.17.4&#8243; _module_preset=&#8221;default&#8221; text_font=&#8221;Montserrat|300|||||||&#8221; text_text_color=&#8221;#FFFFFF&#8221; text_font_size=&#8221;22px&#8221; global_colors_info=&#8221;{}&#8221;]<\/p>\n<p>Senast uppdaterad: 23.12.2025<\/p>\n<p>EU-EXIT respekterar din integritet och har \u00e5tagit sig att skydda dina personuppgifter.<\/p>\n<p>Denna integritetspolicy f\u00f6rklarar hur vi samlar in, anv\u00e4nder och skyddar din information n\u00e4r du bes\u00f6ker v\u00e5r webbplats och g\u00e5r med i EU-EXIT:s v\u00e4ntelista.<\/p>\n<p>\u2e3b<\/p>\n<p><b>1. Personuppgiftsansvarig<\/b><\/p>\n<p>Den personuppgiftsansvarige som ansvarar f\u00f6r behandlingen av dina personuppgifter \u00e4r:<\/p>\n<p>EU-EXIT<\/p>\n<p>Bakhtrioni Street N 22<\/p>\n<p>Apartment N 75<\/p>\n<p>0160 Tbilisi<\/p>\n<p>Georgia<\/p>\n<p>&nbsp;<\/p>\n<p>E-post: contact@eu-exit.com<\/p>\n<p>&nbsp;<\/p>\n<p>EU-EXIT drivs av ett f\u00f6retag baserat i Georgien.<\/p>\n<p>\u2e3b<\/p>\n<p><b>2. Vilka uppgifter vi samlar in<\/b><\/p>\n<p>N\u00e4r du g\u00e5r med i EU-EXIT:s v\u00e4ntelista samlar vi in:<\/p>\n<p><span class=\"Apple-tab-span\"> <\/span>\u2022<span class=\"Apple-tab-span\"> <\/span>Din e-postadress<\/p>\n<p>Inga ytterligare personuppgifter samlas in i detta skede.<\/p>\n<p>\u2e3b<\/p>\n<p><b>3. Syfte med databehandlingen<\/b><\/p>\n<p>Din e-postadress samlas in <b>uteslutande<\/b> f\u00f6r f\u00f6ljande syfte:<\/p>\n<p><span class=\"Apple-tab-span\"> <\/span>\u2022<span class=\"Apple-tab-span\"> <\/span>Att meddela dig n\u00e4r EU-EXIT-plattformen lanseras<\/p>\n<p><span class=\"Apple-tab-span\"> <\/span>\u2022<span class=\"Apple-tab-span\"> <\/span>Att informera dig om det tillh\u00f6rande lanseringserbjudandet<\/p>\n<p>Vi skickar <b>inte<\/b> ut nyhetsbrev.<\/p>\n<p>Vi \u00e4gnar oss <b>inte<\/b> \u00e5t l\u00f6pande marknadskommunikation.<\/p>\n<p>\u2e3b<\/p>\n<p><b>4. R\u00e4ttslig grund f\u00f6r behandling<\/b><\/p>\n<p>Den r\u00e4ttsliga grunden f\u00f6r behandlingen av dina personuppgifter \u00e4r:<\/p>\n<p><span class=\"Apple-tab-span\"> <\/span>\u2022<span class=\"Apple-tab-span\"> <\/span><b>Artikel 6(1)(a) GDPR<\/b> \u2014 ditt samtycke<\/p>\n<p>Du ger ditt samtycke genom att frivilligt skicka in din e-postadress via v\u00e4ntelisteformul\u00e4ret.<\/p>\n<p>\u2e3b<\/p>\n<p><b>5. Lagring och bevarande av data<\/b><\/p>\n<p>Din e-postadress kommer att lagras:<\/p>\n<p><span class=\"Apple-tab-span\"> <\/span>\u2022<span class=\"Apple-tab-span\"> <\/span>Endast s\u00e5 l\u00e4nge som det \u00e4r n\u00f6dv\u00e4ndigt f\u00f6r att uppfylla syftet med lanseringsmeddelandet<\/p>\n<p><span class=\"Apple-tab-span\"> <\/span>\u2022<span class=\"Apple-tab-span\"> <\/span>Eller tills du \u00e5terkallar ditt samtycke<\/p>\n<p>Du kan n\u00e4r som helst beg\u00e4ra radering av dina uppgifter.<\/p>\n<p>\u2e3b<\/p>\n<p><b>6. Delning av data<\/b><\/p>\n<p>Vi <b>varken<\/b> s\u00e4ljer, hyr ut eller delar dina personuppgifter med tredje part.<\/p>\n<p>Dina uppgifter anv\u00e4nds uteslutande inom EU-EXIT-projektet.<\/p>\n<p>\u2e3b<\/p>\n<p><b>7. Data\u00f6verf\u00f6ringar<\/b><\/p>\n<p>Personuppgifter kan behandlas utanf\u00f6r Europeiska unionen.<\/p>\n<p>EU-EXIT s\u00e4kerst\u00e4ller att l\u00e4mpliga skydds\u00e5tg\u00e4rder finns p\u00e5 plats f\u00f6r att skydda dina uppgifter i enlighet med g\u00e4llande dataskyddsbest\u00e4mmelser.<\/p>\n<p>\u2e3b<\/p>\n<p><b>8. Dina r\u00e4ttigheter (GDPR)<\/b><\/p>\n<p>Om du befinner dig i Europeiska unionen har du r\u00e4tt att:<\/p>\n<p><span class=\"Apple-tab-span\"> <\/span>\u2022<span class=\"Apple-tab-span\"> <\/span>F\u00e5 tillg\u00e5ng till dina personuppgifter<\/p>\n<p><span class=\"Apple-tab-span\"> <\/span>\u2022<span class=\"Apple-tab-span\"> <\/span>Beg\u00e4ra r\u00e4ttelse eller radering<\/p>\n<p><span class=\"Apple-tab-span\"> <\/span>\u2022<span class=\"Apple-tab-span\"> <\/span>N\u00e4r som helst \u00e5terkalla ditt samtycke<\/p>\n<p><span class=\"Apple-tab-span\"> <\/span>\u2022<span class=\"Apple-tab-span\"> <\/span>Beg\u00e4ra begr\u00e4nsning av behandlingen<\/p>\n<p><span class=\"Apple-tab-span\"> <\/span>\u2022<span class=\"Apple-tab-span\"> <\/span>L\u00e4mna in ett klagom\u00e5l till en tillsynsmyndighet<\/p>\n<p>&nbsp;<\/p>\n<p>F\u00f6r att ut\u00f6va n\u00e5gon av dessa r\u00e4ttigheter, kontakta:<\/p>\n<p><b>contact@eu-exit.com<\/b><\/p>\n<p>\u2e3b<\/p>\n<p><b>9. Cookies och sp\u00e5rning<\/b><\/p>\n<p>EU-EXIT anv\u00e4nder inte sp\u00e5rningscookies f\u00f6r marknadsf\u00f6rings\u00e4ndam\u00e5l p\u00e5 sidan &#8221;Kommer snart&#8221;.<\/p>\n<p>Om detta \u00e4ndras i framtiden kommer denna integritetspolicy att uppdateras i enlighet d\u00e4rmed.<\/p>\n<p>\u2e3b<\/p>\n<p><b>10. \u00c4ndringar i denna policy<\/b><\/p>\n<p>Denna integritetspolicy kan uppdateras f\u00f6r att \u00e5terspegla \u00e4ndringar i plattformen eller lagkraven.<\/p>\n<p>Den aktuella versionen kommer alltid att finnas tillg\u00e4nglig p\u00e5 denna sida.<\/p>\n<p>\u2e3b<\/p>\n<p>[\/et_pb_text][\/et_pb_column][\/et_pb_row][\/et_pb_section]<\/p>\n","protected":false},"excerpt":{"rendered":"<p>EU-EXITIntegritetspolicySenast uppdaterad: 23.12.2025 EU-EXIT respekterar din integritet och har \u00e5tagit sig att skydda dina personuppgifter. Denna integritetspolicy f\u00f6rklarar hur vi samlar in, anv\u00e4nder och skyddar din information n\u00e4r du bes\u00f6ker v\u00e5r webbplats och g\u00e5r med i EU-EXIT:s v\u00e4ntelista. \u2e3b 1. Personuppgiftsansvarig Den personuppgiftsansvarige som ansvarar f\u00f6r behandlingen av dina personuppgifter \u00e4r: EU-EXIT Bakhtrioni Street N [&hellip;]<\/p>\n","protected":false},"author":3,"featured_media":0,"parent":0,"menu_order":0,"comment_status":"closed","ping_status":"closed","template":"","meta":{"_et_pb_use_builder":"on","_et_pb_old_content":"","_et_gb_content_width":"","footnotes":""},"class_list":["post-188","page","type-page","status-publish","hentry"],"_links":{"self":[{"href":"https:\/\/www.eu-exit.com\/sv\/wp-json\/wp\/v2\/pages\/188","targetHints":{"allow":["GET"]}}],"collection":[{"href":"https:\/\/www.eu-exit.com\/sv\/wp-json\/wp\/v2\/pages"}],"about":[{"href":"https:\/\/www.eu-exit.com\/sv\/wp-json\/wp\/v2\/types\/page"}],"author":[{"embeddable":true,"href":"https:\/\/www.eu-exit.com\/sv\/wp-json\/wp\/v2\/users\/3"}],"replies":[{"embeddable":true,"href":"https:\/\/www.eu-exit.com\/sv\/wp-json\/wp\/v2\/comments?post=188"}],"version-history":[{"count":6,"href":"https:\/\/www.eu-exit.com\/sv\/wp-json\/wp\/v2\/pages\/188\/revisions"}],"predecessor-version":[{"id":205,"href":"https:\/\/www.eu-exit.com\/sv\/wp-json\/wp\/v2\/pages\/188\/revisions\/205"}],"wp:attachment":[{"href":"https:\/\/www.eu-exit.com\/sv\/wp-json\/wp\/v2\/media?parent=188"}],"curies":[{"name":"wp","href":"https:\/\/api.w.org\/{rel}","templated":true}]}}