{"id":169,"date":"2025-12-19T13:40:16","date_gmt":"2025-12-19T13:40:16","guid":{"rendered":"https:\/\/www.eu-exit.com\/kommer-snart\/"},"modified":"2025-12-25T17:00:14","modified_gmt":"2025-12-25T17:00:14","slug":"kommer-snart","status":"publish","type":"page","link":"https:\/\/www.eu-exit.com\/sv\/","title":{"rendered":"KOMMER SNART"},"content":{"rendered":"<p>[et_pb_section fb_built=&#8221;1&#8243; _builder_version=&#8221;4.17.4&#8243; _module_preset=&#8221;default&#8221; background_color=&#8221;#FFFFFF&#8221; use_background_color_gradient=&#8221;on&#8221; background_color_gradient_stops=&#8221;#2d005d 52%|#fe304c 100%&#8221; hover_enabled=&#8221;0&#8243; background_last_edited=&#8221;on|phone&#8221; use_background_color_gradient_phone=&#8221;on&#8221; background_color_gradient_stops_phone=&#8221;#2d005d 77%|#fe304c 100%&#8221; global_colors_info=&#8221;{}&#8221; sticky_enabled=&#8221;0&#8243; background_color_gradient_direction_radial_phone=&#8221;right&#8221; background_color_gradient_type_phone=&#8221;linear&#8221; background_color_gradient_unit_tablet=&#8221;%&#8221; background_color_gradient_type_tablet=&#8221;linear&#8221; background_color_gradient_stops_tablet=&#8221;#2d005d 55%|#fe304c 100%&#8221; background_color_gradient_repeat_tablet=&#8221;off&#8221; background_color_gradient_direction_tablet=&#8221;160deg&#8221; use_background_color_gradient_tablet=&#8221;on&#8221; background_color_gradient_direction=&#8221;167deg&#8221;][et_pb_row _builder_version=&#8221;4.17.4&#8243; _module_preset=&#8221;default&#8221; global_colors_info=&#8221;{}&#8221;][et_pb_column type=&#8221;4_4&#8243; _builder_version=&#8221;4.17.4&#8243; _module_preset=&#8221;default&#8221; global_colors_info=&#8221;{}&#8221;][et_pb_text _builder_version=&#8221;4.17.4&#8243; _module_preset=&#8221;default&#8221; header_font=&#8221;REBECA||||||||&#8221; header_text_align=&#8221;center&#8221; header_text_color=&#8221;#FFFFFF&#8221; header_font_size=&#8221;64px&#8221; module_alignment=&#8221;center&#8221; custom_margin=&#8221;||1px|||&#8221; global_colors_info=&#8221;{}&#8221;]<\/p>\n<h1>EU-EXIT<\/h1>\n<p>[\/et_pb_text][\/et_pb_column][\/et_pb_row][et_pb_row _builder_version=&#8221;4.17.4&#8243; _module_preset=&#8221;default&#8221; global_colors_info=&#8221;{}&#8221;][et_pb_column type=&#8221;4_4&#8243; _builder_version=&#8221;4.17.4&#8243; _module_preset=&#8221;default&#8221; global_colors_info=&#8221;{}&#8221;][et_pb_text _builder_version=&#8221;4.17.4&#8243; _module_preset=&#8221;default&#8221; header_font=&#8221;Montserrat||||||||&#8221; header_text_color=&#8221;#FFFFFF&#8221; header_2_font=&#8221;Montserrat|300|||||||&#8221; header_2_text_align=&#8221;center&#8221; header_2_text_color=&#8221;#FFFFFF&#8221; header_2_font_size=&#8221;34px&#8221; global_colors_info=&#8221;{}&#8221;]<\/p>\n<h2>Exit \u00e4r ett beslut. Struktur g\u00f6r det m\u00f6jligt.<\/h2>\n<p>[\/et_pb_text][\/et_pb_column][\/et_pb_row][et_pb_row _builder_version=&#8221;4.17.4&#8243; _module_preset=&#8221;default&#8221; module_alignment=&#8221;center&#8221; custom_margin=&#8221;30px|0px||0px|false|true&#8221; custom_padding=&#8221;|0px||0px|false|true&#8221; global_colors_info=&#8221;{}&#8221;][et_pb_column type=&#8221;4_4&#8243; _builder_version=&#8221;4.17.4&#8243; _module_preset=&#8221;default&#8221; global_colors_info=&#8221;{}&#8221;][et_pb_text _builder_version=&#8221;4.17.4&#8243; _module_preset=&#8221;default&#8221; text_font=&#8221;REBECA||||||||&#8221; text_text_color=&#8221;#fe304c&#8221; text_font_size=&#8221;22px&#8221; global_colors_info=&#8221;{}&#8221;]<\/p>\n<p>Vad \u00e4r EU-EXIT?<\/p>\n<p>[\/et_pb_text][et_pb_text _builder_version=&#8221;4.17.4&#8243; _module_preset=&#8221;default&#8221; text_font=&#8221;Montserrat|300|||||||&#8221; text_text_color=&#8221;#FFFFFF&#8221; text_font_size=&#8221;22px&#8221; global_colors_info=&#8221;{}&#8221;]<\/p>\n<p>EU-EXIT bygger en plattform som hj\u00e4lper individer och f\u00f6retag att navigera sin exit fr\u00e5n Europeiska unionen \u2013 steg f\u00f6r steg, utan press och utan on\u00f6dig komplexitet.<\/p>\n<p>Det \u00e4r en digital infrastruktur som f\u00f6rvandlar exit-beslut till en tydlig, enkel steg-f\u00f6r-steg-process.<\/p>\n<p>[\/et_pb_text][\/et_pb_column][\/et_pb_row][et_pb_row _builder_version=&#8221;4.17.4&#8243; _module_preset=&#8221;default&#8221; width=&#8221;100%&#8221; max_width=&#8221;2560px&#8221; module_alignment=&#8221;center&#8221; custom_margin=&#8221;|0px||0px|false|false&#8221; custom_padding=&#8221;45px|0px||0px|false|false&#8221; global_colors_info=&#8221;{}&#8221;][et_pb_column type=&#8221;4_4&#8243; _builder_version=&#8221;4.17.4&#8243; _module_preset=&#8221;default&#8221; global_colors_info=&#8221;{}&#8221;][et_pb_text _builder_version=&#8221;4.17.4&#8243; _module_preset=&#8221;default&#8221; text_font=&#8221;REBECA|||on|||||&#8221; text_text_color=&#8221;#fe304c&#8221; text_font_size=&#8221;22px&#8221; text_orientation=&#8221;center&#8221; global_colors_info=&#8221;{}&#8221;]<\/p>\n<p>VEM \u00e4r det f\u00f6r?<\/p>\n<p>[\/et_pb_text][\/et_pb_column][\/et_pb_row][et_pb_row column_structure=&#8221;1_4,1_4,1_4,1_4&#8243; _builder_version=&#8221;4.17.4&#8243; _module_preset=&#8221;default&#8221; global_colors_info=&#8221;{}&#8221;][et_pb_column type=&#8221;1_4&#8243; _builder_version=&#8221;4.17.4&#8243; _module_preset=&#8221;default&#8221; global_colors_info=&#8221;{}&#8221;][et_pb_image src=&#8221;https:\/\/www.eu-exit.com\/wp-content\/uploads\/2025\/12\/16.png&#8221; title_text=&#8221;Individer&#8221; align=&#8221;center&#8221; _builder_version=&#8221;4.17.4&#8243; _module_preset=&#8221;default&#8221; width=&#8221;60%&#8221; module_alignment=&#8221;center&#8221; global_colors_info=&#8221;{}&#8221;][\/et_pb_image][et_pb_text _builder_version=&#8221;4.17.4&#8243; _module_preset=&#8221;default&#8221; text_font=&#8221;Montserrat|600||on|||||&#8221; text_text_color=&#8221;#FFFFFF&#8221; text_orientation=&#8221;center&#8221; global_colors_info=&#8221;{}&#8221;]<\/p>\n<p>Sj\u00e4lvst\u00e4ndiga individer<\/p>\n<p>[\/et_pb_text][et_pb_image src=&#8221;https:\/\/www.eu-exit.com\/wp-content\/uploads\/2025\/12\/18.png&#8221; title_text=&#8221;Krypto-handlare och investerare&#8221; align=&#8221;center&#8221; _builder_version=&#8221;4.17.4&#8243; _module_preset=&#8221;default&#8221; width=&#8221;60%&#8221; module_alignment=&#8221;center&#8221; global_colors_info=&#8221;{}&#8221;][\/et_pb_image][et_pb_text _builder_version=&#8221;4.17.4&#8243; _module_preset=&#8221;default&#8221; text_font=&#8221;Montserrat|600||on|||||&#8221; text_text_color=&#8221;#FFFFFF&#8221; text_orientation=&#8221;center&#8221; global_colors_info=&#8221;{}&#8221;]<\/p>\n<p>Krypto-handlare och investerare<\/p>\n<p>[\/et_pb_text][\/et_pb_column][et_pb_column type=&#8221;1_4&#8243; _builder_version=&#8221;4.17.4&#8243; _module_preset=&#8221;default&#8221; global_colors_info=&#8221;{}&#8221;][et_pb_image src=&#8221;https:\/\/www.eu-exit.com\/wp-content\/uploads\/2025\/12\/15.png&#8221; title_text=&#8221;Digitala nomader&#8221; align=&#8221;center&#8221; _builder_version=&#8221;4.17.4&#8243; _module_preset=&#8221;default&#8221; width=&#8221;60%&#8221; module_alignment=&#8221;center&#8221; global_colors_info=&#8221;{}&#8221;][\/et_pb_image][et_pb_text _builder_version=&#8221;4.17.4&#8243; _module_preset=&#8221;default&#8221; text_font=&#8221;Montserrat|600||on|||||&#8221; text_text_color=&#8221;#FFFFFF&#8221; text_orientation=&#8221;center&#8221; global_colors_info=&#8221;{}&#8221;]<\/p>\n<p>Digitala nomader<\/p>\n<p>[\/et_pb_text][et_pb_image src=&#8221;https:\/\/www.eu-exit.com\/wp-content\/uploads\/2025\/12\/20.png&#8221; title_text=&#8221;Medvetna beslutsfattare&#8221; align=&#8221;center&#8221; _builder_version=&#8221;4.17.4&#8243; _module_preset=&#8221;default&#8221; width=&#8221;60%&#8221; module_alignment=&#8221;center&#8221; global_colors_info=&#8221;{}&#8221;][\/et_pb_image][et_pb_text _builder_version=&#8221;4.17.4&#8243; _module_preset=&#8221;default&#8221; text_font=&#8221;Montserrat|600||on|||||&#8221; text_text_color=&#8221;#FFFFFF&#8221; text_orientation=&#8221;center&#8221; global_colors_info=&#8221;{}&#8221;]<\/p>\n<p>Medvetna beslutsfattare<\/p>\n<p>[\/et_pb_text][\/et_pb_column][et_pb_column type=&#8221;1_4&#8243; _builder_version=&#8221;4.17.4&#8243; _module_preset=&#8221;default&#8221; global_colors_info=&#8221;{}&#8221;][et_pb_image src=&#8221;https:\/\/www.eu-exit.com\/wp-content\/uploads\/2025\/12\/17.png&#8221; title_text=&#8221;Entrepren\u00f6rer&#8221; align=&#8221;center&#8221; _builder_version=&#8221;4.17.4&#8243; _module_preset=&#8221;default&#8221; width=&#8221;60%&#8221; module_alignment=&#8221;center&#8221; global_colors_info=&#8221;{}&#8221;][\/et_pb_image][et_pb_text _builder_version=&#8221;4.17.4&#8243; _module_preset=&#8221;default&#8221; text_font=&#8221;Montserrat|600||on|||||&#8221; text_text_color=&#8221;#FFFFFF&#8221; text_orientation=&#8221;center&#8221; global_colors_info=&#8221;{}&#8221;]<\/p>\n<p>Strategiska entrepren\u00f6rer<\/p>\n<p>[\/et_pb_text][et_pb_image src=&#8221;https:\/\/www.eu-exit.com\/wp-content\/uploads\/2025\/12\/21.png&#8221; title_text=&#8221;Frihetss\u00f6kare&#8221; align=&#8221;center&#8221; _builder_version=&#8221;4.17.4&#8243; _module_preset=&#8221;default&#8221; width=&#8221;60%&#8221; module_alignment=&#8221;center&#8221; global_colors_info=&#8221;{}&#8221;][\/et_pb_image][et_pb_text _builder_version=&#8221;4.17.4&#8243; _module_preset=&#8221;default&#8221; text_font=&#8221;Montserrat|600||on|||||&#8221; text_text_color=&#8221;#FFFFFF&#8221; text_orientation=&#8221;center&#8221; global_colors_info=&#8221;{}&#8221;]<\/p>\n<p>Oberoende frihetss\u00f6kare<\/p>\n<p>[\/et_pb_text][\/et_pb_column][et_pb_column type=&#8221;1_4&#8243; _builder_version=&#8221;4.17.4&#8243; _module_preset=&#8221;default&#8221; global_colors_info=&#8221;{}&#8221;][et_pb_image src=&#8221;https:\/\/www.eu-exit.com\/wp-content\/uploads\/2025\/12\/14.png&#8221; title_text=&#8221;F\u00f6retag&#8221; align=&#8221;center&#8221; _builder_version=&#8221;4.17.4&#8243; _module_preset=&#8221;default&#8221; width=&#8221;60%&#8221; module_alignment=&#8221;center&#8221; global_colors_info=&#8221;{}&#8221;][\/et_pb_image][et_pb_text _builder_version=&#8221;4.17.4&#8243; _module_preset=&#8221;default&#8221; text_font=&#8221;Montserrat|600||on|||||&#8221; text_text_color=&#8221;#FFFFFF&#8221; text_orientation=&#8221;center&#8221; global_colors_info=&#8221;{}&#8221;]<\/p>\n<p>Strukturerade f\u00f6retag<\/p>\n<p>[\/et_pb_text][et_pb_image src=&#8221;https:\/\/www.eu-exit.com\/wp-content\/uploads\/2025\/12\/19.png&#8221; title_text=&#8221;Framtida arkitekter&#8221; align=&#8221;center&#8221; _builder_version=&#8221;4.17.4&#8243; _module_preset=&#8221;default&#8221; width=&#8221;60%&#8221; module_alignment=&#8221;center&#8221; global_colors_info=&#8221;{}&#8221;][\/et_pb_image][et_pb_text _builder_version=&#8221;4.17.4&#8243; _module_preset=&#8221;default&#8221; text_font=&#8221;Montserrat|600||on|||||&#8221; text_text_color=&#8221;#FFFFFF&#8221; text_orientation=&#8221;center&#8221; global_colors_info=&#8221;{}&#8221;]<\/p>\n<p>L\u00e5ngsiktiga framtida arkitekter<\/p>\n<p>[\/et_pb_text][\/et_pb_column][\/et_pb_row][et_pb_row _builder_version=&#8221;4.17.4&#8243; _module_preset=&#8221;default&#8221; min_height=&#8221;294.3px&#8221; custom_margin=&#8221;18px|auto||auto||&#8221; global_colors_info=&#8221;{}&#8221;][et_pb_column type=&#8221;4_4&#8243; _builder_version=&#8221;4.17.4&#8243; _module_preset=&#8221;default&#8221; global_colors_info=&#8221;{}&#8221;][et_pb_text _builder_version=&#8221;4.17.4&#8243; _module_preset=&#8221;default&#8221; text_font=&#8221;REBECA|||on|||||&#8221; text_text_color=&#8221;#fe304c&#8221; text_font_size=&#8221;22px&#8221; text_line_height=&#8221;1.8em&#8221; global_colors_info=&#8221;{}&#8221;]<\/p>\n<p><b>EU-EXIT \u00e4r inte f\u00f6r alla!<\/b><\/p>\n<p>[\/et_pb_text][et_pb_text _builder_version=&#8221;4.17.4&#8243; _module_preset=&#8221;default&#8221; text_font=&#8221;Montserrat|300|||||||&#8221; text_text_color=&#8221;#FFFFFF&#8221; text_font_size=&#8221;22px&#8221; global_colors_info=&#8221;{}&#8221;]<\/p>\n<p>Den \u00e4r byggd f\u00f6r m\u00e4nniskor som f\u00f6redrar tydlighet framf\u00f6r \u00f6vertalning, ansvar framf\u00f6r genv\u00e4gar och struktur framf\u00f6r improvisation. Vi f\u00f6rlitar oss inte p\u00e5 \u00e4ndl\u00f6sa samtal, s\u00e4ljtrattar eller expertpersonligheter.<\/p>\n<p>EU-EXIT \u00e4r byggd som en plattform \u2013 inte ett personligt varum\u00e4rke.<\/p>\n<p>Allt \u00e4r strukturerat, dokumenterat och transparent. Du g\u00e5r fram\u00e5t n\u00e4r du best\u00e4mmer dig, inte n\u00e4r n\u00e5gon \u00f6vertygar dig.<\/p>\n<p>Om detta tillv\u00e4gag\u00e5ngss\u00e4tt tilltalar dig \u00e4r EU-EXIT byggd f\u00f6r dig.<\/p>\n<p>[\/et_pb_text][\/et_pb_column][\/et_pb_row][et_pb_row _builder_version=&#8221;4.17.4&#8243; _module_preset=&#8221;default&#8221; custom_padding=&#8221;46px|||||&#8221; global_colors_info=&#8221;{}&#8221;][et_pb_column type=&#8221;4_4&#8243; _builder_version=&#8221;4.17.4&#8243; _module_preset=&#8221;default&#8221; global_colors_info=&#8221;{}&#8221;][et_pb_text _builder_version=&#8221;4.17.4&#8243; _module_preset=&#8221;default&#8221; text_font=&#8221;REBECA|||on|||||&#8221; text_text_color=&#8221;#fe304c&#8221; text_font_size=&#8221;22px&#8221; text_line_height=&#8221;1.8em&#8221; global_colors_info=&#8221;{}&#8221;]<\/p>\n<p><b>Den f\u00f6r n\u00e4rvarande b\u00e4sta exit-v\u00e4gen: Georgien<\/b><\/p>\n<p>[\/et_pb_text][et_pb_text _builder_version=&#8221;4.17.4&#8243; _module_preset=&#8221;default&#8221; text_font=&#8221;Montserrat|300|||||||&#8221; text_text_color=&#8221;#FFFFFF&#8221; text_font_size=&#8221;22px&#8221; global_colors_info=&#8221;{}&#8221;]<\/p>\n<p>Som en jurisdiktion utanf\u00f6r EU erbjuder Georgien f\u00f6r n\u00e4rvarande en av de mest praktiska och balanserade ramverken f\u00f6r en strukturerad exit fr\u00e5n Europeiska unionen, som kombinerar juridisk klarhet, hanterbar byr\u00e5krati och n\u00e4rhet till Europa.<\/p>\n<p>Processen kan till stor del hanteras p\u00e5 distans och inom en kort tidsram, vilket g\u00f6r Georgien s\u00e4rskilt tillg\u00e4ngligt f\u00f6r individer och f\u00f6retag som s\u00f6ker en effektiv \u00f6verg\u00e5ng.<\/p>\n<p>Georgien \u00e4r ocks\u00e5 en av de mest kryptov\u00e4nliga milj\u00f6erna utanf\u00f6r EU. I linje med detta \u00e4r EU-EXIT kryptov\u00e4nligt fr\u00e5n grunden och till\u00e5ter betalningar i kryptovaluta tillsammans med traditionella metoder.<\/p>\n<p>Av dessa sk\u00e4l \u00e4r Georgien den starkaste utg\u00e5ngspunkten f\u00f6r din EU-EXIT idag.<\/p>\n<p>[\/et_pb_text][\/et_pb_column][\/et_pb_row][et_pb_row _builder_version=&#8221;4.17.4&#8243; _module_preset=&#8221;default&#8221; custom_padding=&#8221;45px|||||&#8221; global_colors_info=&#8221;{}&#8221;][et_pb_column type=&#8221;4_4&#8243; _builder_version=&#8221;4.17.4&#8243; _module_preset=&#8221;default&#8221; global_colors_info=&#8221;{}&#8221;][et_pb_text _builder_version=&#8221;4.17.4&#8243; _module_preset=&#8221;default&#8221; text_font=&#8221;REBECA|||on|||||&#8221; text_text_color=&#8221;#fe304c&#8221; text_font_size=&#8221;22px&#8221; text_line_height=&#8221;1.8em&#8221; custom_margin=&#8221;||-15px||false|false&#8221; global_colors_info=&#8221;{}&#8221;]<\/p>\n<p><b>EU-Exit lanseras snart!<\/b><\/p>\n<p>[\/et_pb_text][\/et_pb_column][\/et_pb_row][et_pb_row column_structure=&#8221;1_2,1_2&#8243; _builder_version=&#8221;4.17.4&#8243; _module_preset=&#8221;default&#8221; background_color=&#8221;RGBA(255,255,255,0)&#8221; global_colors_info=&#8221;{}&#8221;][et_pb_column type=&#8221;1_2&#8243; _builder_version=&#8221;4.17.4&#8243; _module_preset=&#8221;default&#8221; background_color=&#8221;RGBA(255,255,255,0)&#8221; global_colors_info=&#8221;{}&#8221;][et_pb_text _builder_version=&#8221;4.17.4&#8243; _module_preset=&#8221;default&#8221; text_font=&#8221;Montserrat||||||||&#8221; text_text_color=&#8221;#FFFFFF&#8221; text_font_size=&#8221;20px&#8221; background_color=&#8221;RGBA(255,255,255,0)&#8221; custom_margin=&#8221;-10px||||false|false&#8221; custom_padding=&#8221;24px|44px|24px|44px|true|true&#8221; border_width_all=&#8221;2px&#8221; border_color_all=&#8221;#FFFFFF&#8221; box_shadow_style=&#8221;preset1&#8243; box_shadow_spread=&#8221;5px&#8221; global_colors_info=&#8221;{}&#8221;]<\/p>\n<p>G\u00e5 med i v\u00e4ntelistan f\u00f6r att f\u00e5 ett bra lanseringserbjudande n\u00e4r plattformen lanseras.<\/p>\n<p>Vi kommer bara att kontakta dig en g\u00e5ng \u2013 f\u00f6r att meddela dig att den \u00e4r redo.<\/p>\n<p>[\/et_pb_text][\/et_pb_column][et_pb_column type=&#8221;1_2&#8243; _builder_version=&#8221;4.17.4&#8243; _module_preset=&#8221;default&#8221; background_color=&#8221;RGBA(255,255,255,0)&#8221; global_colors_info=&#8221;{}&#8221;][et_pb_contact_form captcha=&#8221;off&#8221; email=&#8221;mira@eu-exit.com&#8221; title=&#8221;G\u00e5 med i v\u00e4ntelistan&#8221; custom_message=&#8221;Nytt mejl f\u00f6r v\u00e4ntelistan:||et_pb_line_break_holder||%%Email%%&#8221; use_redirect=&#8221;on&#8221; redirect_url=&#8221;https:\/\/www.eu-exit.com\/waitlist-sign-up\/&#8221; success_message=&#8221;Du \u00e4r redo f\u00f6r din EXIT&#8221; submit_button_text=&#8221;G\u00e5 med nu&#8221; _builder_version=&#8221;4.17.4&#8243; _module_preset=&#8221;default&#8221; _unique_id=&#8221;bcf051b6-1ba6-4d9c-be70-6518e11390e3&#8243; form_field_background_color=&#8221;RGBA(255,255,255,0)&#8221; form_field_text_color=&#8221;#FFFFFF&#8221; form_field_focus_background_color=&#8221;RGBA(255,255,255,0)&#8221; form_field_focus_text_color=&#8221;#FFFFFF&#8221; form_field_custom_margin=&#8221;4px|0px||0px|false|false&#8221; title_level=&#8221;h4&#8243; title_font=&#8221;REBECA||||||||&#8221; title_text_align=&#8221;left&#8221; title_text_color=&#8221;#FFFFFF&#8221; title_font_size=&#8221;22px&#8221; form_field_font=&#8221;Montserrat|500|||||||&#8221; form_field_text_align=&#8221;left&#8221; form_field_font_size=&#8221;16px&#8221; background_color=&#8221;RGBA(255,255,255,0)&#8221; custom_button=&#8221;on&#8221; button_text_size=&#8221;22px&#8221; button_text_color=&#8221;#FFFFFF&#8221; button_bg_color=&#8221;RGBA(255,255,255,0)&#8221; button_border_color=&#8221;#fe304c&#8221; button_border_radius=&#8221;22px&#8221; button_font=&#8221;Montserrat|||on|||||&#8221; button_icon=&#8221;&#xf054;||fa||900&#8243; button_icon_color=&#8221;#6302b6&#8243; button_custom_margin=&#8221;13px|0px|0px|0px|false|true&#8221; button_custom_padding=&#8221;|15px||15px|false|true&#8221; text_orientation=&#8221;left&#8221; module_alignment=&#8221;center&#8221; custom_margin=&#8221;15px|0px||0px|false|false&#8221; custom_padding=&#8221;0px|0px||0px|false|false&#8221; border_color_all=&#8221;#FFFFFF&#8221; box_shadow_style=&#8221;preset1&#8243; box_shadow_style_button=&#8221;preset1&#8243; box_shadow_blur_button=&#8221;33px&#8221; box_shadow_spread_button=&#8221;4px&#8221; global_colors_info=&#8221;{}&#8221;][et_pb_contact_field field_id=&#8221;Email&#8221; field_title=&#8221;E-postadress&#8221; field_type=&#8221;email&#8221; fullwidth_field=&#8221;on&#8221; _builder_version=&#8221;4.17.4&#8243; form_field_font=&#8221;Montserrat|500|||||||&#8221; border_width_all=&#8221;2px&#8221; border_color_all=&#8221;#fe304c&#8221; global_colors_info=&#8221;{}&#8221; button_text_size__hover_enabled=&#8221;off&#8221; button_one_text_size__hover_enabled=&#8221;off&#8221; button_two_text_size__hover_enabled=&#8221;off&#8221; button_text_color__hover_enabled=&#8221;off&#8221; button_one_text_color__hover_enabled=&#8221;off&#8221; button_two_text_color__hover_enabled=&#8221;off&#8221; button_border_width__hover_enabled=&#8221;off&#8221; button_one_border_width__hover_enabled=&#8221;off&#8221; button_two_border_width__hover_enabled=&#8221;off&#8221; button_border_color__hover_enabled=&#8221;off&#8221; button_one_border_color__hover_enabled=&#8221;off&#8221; button_two_border_color__hover_enabled=&#8221;off&#8221; button_border_radius__hover_enabled=&#8221;off&#8221; button_one_border_radius__hover_enabled=&#8221;off&#8221; button_two_border_radius__hover_enabled=&#8221;off&#8221; button_letter_spacing__hover_enabled=&#8221;off&#8221; button_one_letter_spacing__hover_enabled=&#8221;off&#8221; button_two_letter_spacing__hover_enabled=&#8221;off&#8221; button_bg_color__hover_enabled=&#8221;off&#8221; button_one_bg_color__hover_enabled=&#8221;off&#8221; button_two_bg_color__hover_enabled=&#8221;off&#8221;][\/et_pb_contact_field][\/et_pb_contact_form][\/et_pb_column][\/et_pb_row][et_pb_row _builder_version=&#8221;4.17.4&#8243; _module_preset=&#8221;default&#8221; global_colors_info=&#8221;{}&#8221;][et_pb_column type=&#8221;4_4&#8243; _builder_version=&#8221;4.17.4&#8243; _module_preset=&#8221;default&#8221; global_colors_info=&#8221;{}&#8221;][et_pb_text _builder_version=&#8221;4.17.4&#8243; _module_preset=&#8221;default&#8221; text_font=&#8221;Montserrat|300|||||||&#8221; text_text_color=&#8221;#FFFFFF&#8221; global_colors_info=&#8221;{}&#8221;]<\/p>\n<p>Genom att g\u00e5 med i v\u00e4ntelistan godk\u00e4nner du att f\u00e5 en eng\u00e5ngsavisering n\u00e4r EU-EXIT lanseras.<\/p>\n<p>Dina uppgifter kommer inte att delas. Du kan avsluta prenumerationen n\u00e4r som helst.<\/p>\n<p><a href=\"https:\/\/www.eu-exit.com\/privacy-policy\" target=\"_blank\" rel=\"noopener\" title=\"Integritetspolicy\"><b>Integritetspolicy<\/b><\/a><\/p>\n<p>[\/et_pb_text][\/et_pb_column][\/et_pb_row][\/et_pb_section]<\/p>\n","protected":false},"excerpt":{"rendered":"<p>EU-EXITExit \u00e4r ett beslut. Struktur g\u00f6r det m\u00f6jligt.Vad \u00e4r EU-EXIT?EU-EXIT bygger en plattform som hj\u00e4lper individer och f\u00f6retag att navigera sin exit fr\u00e5n Europeiska unionen \u2013 steg f\u00f6r steg, utan press och utan on\u00f6dig komplexitet. Det \u00e4r en digital infrastruktur som f\u00f6rvandlar exit-beslut till en tydlig, enkel steg-f\u00f6r-steg-process.VEM \u00e4r det f\u00f6r?Sj\u00e4lvst\u00e4ndiga individerKrypto-handlare och investerareDigitala nomaderMedvetna [&hellip;]<\/p>\n","protected":false},"author":3,"featured_media":0,"parent":0,"menu_order":0,"comment_status":"closed","ping_status":"closed","template":"","meta":{"_et_pb_use_builder":"on","_et_pb_old_content":"","_et_gb_content_width":"","footnotes":""},"class_list":["post-169","page","type-page","status-publish","hentry"],"_links":{"self":[{"href":"https:\/\/www.eu-exit.com\/sv\/wp-json\/wp\/v2\/pages\/169","targetHints":{"allow":["GET"]}}],"collection":[{"href":"https:\/\/www.eu-exit.com\/sv\/wp-json\/wp\/v2\/pages"}],"about":[{"href":"https:\/\/www.eu-exit.com\/sv\/wp-json\/wp\/v2\/types\/page"}],"author":[{"embeddable":true,"href":"https:\/\/www.eu-exit.com\/sv\/wp-json\/wp\/v2\/users\/3"}],"replies":[{"embeddable":true,"href":"https:\/\/www.eu-exit.com\/sv\/wp-json\/wp\/v2\/comments?post=169"}],"version-history":[{"count":3,"href":"https:\/\/www.eu-exit.com\/sv\/wp-json\/wp\/v2\/pages\/169\/revisions"}],"predecessor-version":[{"id":172,"href":"https:\/\/www.eu-exit.com\/sv\/wp-json\/wp\/v2\/pages\/169\/revisions\/172"}],"wp:attachment":[{"href":"https:\/\/www.eu-exit.com\/sv\/wp-json\/wp\/v2\/media?parent=169"}],"curies":[{"name":"wp","href":"https:\/\/api.w.org\/{rel}","templated":true}]}}