{"id":621,"date":"2026-01-10T13:22:33","date_gmt":"2026-01-10T13:22:33","guid":{"rendered":"https:\/\/www.eu-exit.com\/exit-insights\/"},"modified":"2026-02-06T11:41:41","modified_gmt":"2026-02-06T11:41:41","slug":"exit-insights","status":"publish","type":"page","link":"https:\/\/www.eu-exit.com\/pt-pt\/exit-insights\/","title":{"rendered":"Exit Insights"},"content":{"rendered":"<p>[et_pb_section fb_built=&#8221;1&#8243; _builder_version=&#8221;4.17.4&#8243; _module_preset=&#8221;default&#8221; use_background_color_gradient=&#8221;on&#8221; background_color_gradient_direction=&#8221;164deg&#8221; background_color_gradient_stops=&#8221;#2d005d 60%|rgba(102, 13, 88, 1) 75%|#fe304c 100%&#8221; background_last_edited=&#8221;on|desktop&#8221; global_colors_info=&#8221;{}&#8221;][et_pb_row _builder_version=&#8221;4.17.4&#8243; _module_preset=&#8221;default&#8221; module_alignment=&#8221;center&#8221; custom_margin=&#8221;30px|0px||0px|false|true&#8221; custom_padding=&#8221;|0px||0px|false|true&#8221; global_colors_info=&#8221;{}&#8221;][et_pb_column type=&#8221;4_4&#8243; _builder_version=&#8221;4.17.4&#8243; _module_preset=&#8221;default&#8221; global_colors_info=&#8221;{}&#8221;][et_pb_text _builder_version=&#8221;4.17.4&#8243; _module_preset=&#8221;default&#8221; text_font=&#8221;REBECA||||||||&#8221; text_text_color=&#8221;#fe304c&#8221; text_font_size=&#8221;32px&#8221; text_orientation=&#8221;center&#8221; hover_enabled=&#8221;0&#8243; global_colors_info=&#8221;{}&#8221; sticky_enabled=&#8221;0&#8243;]<\/p>\n<p><b>Exit Insights<\/b><\/p>\n<p><b><\/b><\/p>\n<p>[\/et_pb_text][et_pb_text _builder_version=&#8221;4.17.4&#8243; _module_preset=&#8221;default&#8221; text_font=&#8221;Montserrat|300|||||||&#8221; text_text_color=&#8221;#FFFFFF&#8221; text_font_size=&#8221;22px&#8221; global_colors_info=&#8221;{}&#8221;]<\/p>\n<p><strong>A EU-EXIT n\u00e3o se trata de fugir \u00e0 responsabilidade.<\/strong><\/p>\n<p>Trata-se de escolher estruturas justas, previs\u00edveis e alinhadas com a forma como vive e trabalha atualmente.<\/p>\n<p>A maioria das pessoas n\u00e3o abandona os sistemas devido a um grande momento. Abandonam-nos devido a pequenas perce\u00e7\u00f5es que se acumulam ao longo do tempo. <\/p>\n<p>Este blogue \u00e9 um espa\u00e7o para essas perce\u00e7\u00f5es.<\/p>\n<p>E para caminhos pr\u00e1ticos a seguir para al\u00e9m das estruturas que j\u00e1 n\u00e3o fazem sentido.<\/p>\n<p>Este blogue partilha perspetivas, experi\u00eancias e informa\u00e7\u00f5es pr\u00e1ticas para pessoas que querem <b>criar e viver uma vida livre<\/b>.<span class=\"Apple-converted-space\"> <\/span><\/p>\n<p>&nbsp;<\/p>\n<p>[\/et_pb_text][\/et_pb_column][\/et_pb_row][et_pb_row column_structure=&#8221;1_4,1_2,1_4&#8243; _builder_version=&#8221;4.17.4&#8243; _module_preset=&#8221;default&#8221; global_colors_info=&#8221;{}&#8221;][et_pb_column type=&#8221;1_4&#8243; _builder_version=&#8221;4.17.4&#8243; _module_preset=&#8221;default&#8221; global_colors_info=&#8221;{}&#8221;][\/et_pb_column][et_pb_column type=&#8221;1_2&#8243; _builder_version=&#8221;4.17.4&#8243; _module_preset=&#8221;default&#8221; global_colors_info=&#8221;{}&#8221;][et_pb_blog posts_number=&#8221;6&#8243; include_categories=&#8221;all&#8221; show_more=&#8221;on&#8221; show_author=&#8221;off&#8221; _builder_version=&#8221;4.17.4&#8243; _module_preset=&#8221;default&#8221; header_font=&#8221;Montserrat|||on|||||&#8221; header_text_color=&#8221;#FFFFFF&#8221; header_font_size=&#8221;16px&#8221; body_font=&#8221;Montserrat|300|||||||&#8221; body_text_color=&#8221;#FFFFFF&#8221; meta_font=&#8221;Montserrat||||||||&#8221; meta_text_color=&#8221;#FFFFFF&#8221; background_color=&#8221;RGBA(255,255,255,0)&#8221; global_colors_info=&#8221;{}&#8221;][\/et_pb_blog][\/et_pb_column][et_pb_column type=&#8221;1_4&#8243; _builder_version=&#8221;4.17.4&#8243; _module_preset=&#8221;default&#8221; global_colors_info=&#8221;{}&#8221;][\/et_pb_column][\/et_pb_row][\/et_pb_section]<\/p>\n","protected":false},"excerpt":{"rendered":"<p>Exit Insights A EU-EXIT n\u00e3o se trata de fugir \u00e0 responsabilidade. Trata-se de escolher estruturas justas, previs\u00edveis e alinhadas com a forma como vive e trabalha atualmente. A maioria das pessoas n\u00e3o abandona os sistemas devido a um grande momento. Abandonam-nos devido a pequenas perce\u00e7\u00f5es que se acumulam ao longo do tempo. Este blogue \u00e9 [&hellip;]<\/p>\n","protected":false},"author":3,"featured_media":0,"parent":0,"menu_order":0,"comment_status":"closed","ping_status":"closed","template":"","meta":{"_et_pb_use_builder":"on","_et_pb_old_content":"","_et_gb_content_width":"","footnotes":""},"class_list":["post-621","page","type-page","status-publish","hentry"],"_links":{"self":[{"href":"https:\/\/www.eu-exit.com\/pt-pt\/wp-json\/wp\/v2\/pages\/621","targetHints":{"allow":["GET"]}}],"collection":[{"href":"https:\/\/www.eu-exit.com\/pt-pt\/wp-json\/wp\/v2\/pages"}],"about":[{"href":"https:\/\/www.eu-exit.com\/pt-pt\/wp-json\/wp\/v2\/types\/page"}],"author":[{"embeddable":true,"href":"https:\/\/www.eu-exit.com\/pt-pt\/wp-json\/wp\/v2\/users\/3"}],"replies":[{"embeddable":true,"href":"https:\/\/www.eu-exit.com\/pt-pt\/wp-json\/wp\/v2\/comments?post=621"}],"version-history":[{"count":2,"href":"https:\/\/www.eu-exit.com\/pt-pt\/wp-json\/wp\/v2\/pages\/621\/revisions"}],"predecessor-version":[{"id":623,"href":"https:\/\/www.eu-exit.com\/pt-pt\/wp-json\/wp\/v2\/pages\/621\/revisions\/623"}],"wp:attachment":[{"href":"https:\/\/www.eu-exit.com\/pt-pt\/wp-json\/wp\/v2\/media?parent=621"}],"curies":[{"name":"wp","href":"https:\/\/api.w.org\/{rel}","templated":true}]}}