{"id":315,"date":"2025-12-19T13:40:16","date_gmt":"2025-12-19T13:40:16","guid":{"rendered":"https:\/\/www.eu-exit.com\/em-breve\/"},"modified":"2025-12-29T07:39:41","modified_gmt":"2025-12-29T07:39:41","slug":"em-breve","status":"publish","type":"page","link":"https:\/\/www.eu-exit.com\/pt-pt\/","title":{"rendered":"COMING SOON"},"content":{"rendered":"<p>[et_pb_section fb_built=&#8221;1&#8243; _builder_version=&#8221;4.17.4&#8243; _module_preset=&#8221;default&#8221; background_color=&#8221;#FFFFFF&#8221; use_background_color_gradient=&#8221;on&#8221; background_color_gradient_stops=&#8221;#2d005d 52%|#fe304c 100%&#8221; hover_enabled=&#8221;0&#8243; background_last_edited=&#8221;on|phone&#8221; use_background_color_gradient_phone=&#8221;on&#8221; background_color_gradient_stops_phone=&#8221;#2d005d 77%|#fe304c 100%&#8221; global_colors_info=&#8221;{}&#8221; sticky_enabled=&#8221;0&#8243; background_color_gradient_direction_radial_phone=&#8221;right&#8221; background_color_gradient_type_phone=&#8221;linear&#8221; background_color_gradient_unit_tablet=&#8221;%&#8221; background_color_gradient_type_tablet=&#8221;linear&#8221; background_color_gradient_stops_tablet=&#8221;#2d005d 55%|#fe304c 100%&#8221; background_color_gradient_repeat_tablet=&#8221;off&#8221; background_color_gradient_direction_tablet=&#8221;160deg&#8221; use_background_color_gradient_tablet=&#8221;on&#8221; background_color_gradient_direction=&#8221;167deg&#8221;][et_pb_row _builder_version=&#8221;4.17.4&#8243; _module_preset=&#8221;default&#8221; global_colors_info=&#8221;{}&#8221;][et_pb_column type=&#8221;4_4&#8243; _builder_version=&#8221;4.17.4&#8243; _module_preset=&#8221;default&#8221; global_colors_info=&#8221;{}&#8221;][et_pb_text _builder_version=&#8221;4.17.4&#8243; _module_preset=&#8221;default&#8221; header_font=&#8221;REBECA||||||||&#8221; header_text_align=&#8221;center&#8221; header_text_color=&#8221;#FFFFFF&#8221; header_font_size=&#8221;64px&#8221; module_alignment=&#8221;center&#8221; custom_margin=&#8221;||1px|||&#8221; global_colors_info=&#8221;{}&#8221;]<\/p>\n<h1>EU-EXIT<\/h1>\n<p>[\/et_pb_text][\/et_pb_column][\/et_pb_row][et_pb_row _builder_version=&#8221;4.17.4&#8243; _module_preset=&#8221;default&#8221; global_colors_info=&#8221;{}&#8221;][et_pb_column type=&#8221;4_4&#8243; _builder_version=&#8221;4.17.4&#8243; _module_preset=&#8221;default&#8221; global_colors_info=&#8221;{}&#8221;][et_pb_text _builder_version=&#8221;4.17.4&#8243; _module_preset=&#8221;default&#8221; header_font=&#8221;Montserrat||||||||&#8221; header_text_color=&#8221;#FFFFFF&#8221; header_2_font=&#8221;Montserrat|300|||||||&#8221; header_2_text_align=&#8221;center&#8221; header_2_text_color=&#8221;#FFFFFF&#8221; header_2_font_size=&#8221;34px&#8221; global_colors_info=&#8221;{}&#8221;]<\/p>\n<h2>A sa\u00edda \u00e9 uma decis\u00e3o. A estrutura torna-a poss\u00edvel. <\/h2>\n<p>[\/et_pb_text][\/et_pb_column][\/et_pb_row][et_pb_row _builder_version=&#8221;4.17.4&#8243; _module_preset=&#8221;default&#8221; module_alignment=&#8221;center&#8221; custom_margin=&#8221;30px|0px||0px|false|true&#8221; custom_padding=&#8221;|0px||0px|false|true&#8221; global_colors_info=&#8221;{}&#8221;][et_pb_column type=&#8221;4_4&#8243; _builder_version=&#8221;4.17.4&#8243; _module_preset=&#8221;default&#8221; global_colors_info=&#8221;{}&#8221;][et_pb_text _builder_version=&#8221;4.17.4&#8243; _module_preset=&#8221;default&#8221; text_font=&#8221;REBECA||||||||&#8221; text_text_color=&#8221;#fe304c&#8221; text_font_size=&#8221;22px&#8221; global_colors_info=&#8221;{}&#8221;]<\/p>\n<p>O que \u00e9 o EU-EXIT?<\/p>\n<p>[\/et_pb_text][et_pb_text _builder_version=&#8221;4.17.4&#8243; _module_preset=&#8221;default&#8221; text_font=&#8221;Montserrat|300|||||||&#8221; text_text_color=&#8221;#FFFFFF&#8221; text_font_size=&#8221;22px&#8221; global_colors_info=&#8221;{}&#8221;]<\/p>\n<p>O EU-EXIT est\u00e1 a construir uma plataforma que ajuda indiv\u00edduos e empresas a orientarem-se na sua sa\u00edda da Uni\u00e3o Europeia \u2014 passo a passo, sem press\u00e3o e sem complexidade desnecess\u00e1ria.<\/p>\n<p>\u00c9 uma infraestrutura digital que transforma decis\u00f5es de sa\u00edda num processo claro, f\u00e1cil e passo a passo.<\/p>\n<p>[\/et_pb_text][\/et_pb_column][\/et_pb_row][et_pb_row _builder_version=&#8221;4.17.4&#8243; _module_preset=&#8221;default&#8221; width=&#8221;100%&#8221; max_width=&#8221;2560px&#8221; module_alignment=&#8221;center&#8221; custom_margin=&#8221;|0px||0px|false|false&#8221; custom_padding=&#8221;45px|0px||0px|false|false&#8221; global_colors_info=&#8221;{}&#8221;][et_pb_column type=&#8221;4_4&#8243; _builder_version=&#8221;4.17.4&#8243; _module_preset=&#8221;default&#8221; global_colors_info=&#8221;{}&#8221;][et_pb_text _builder_version=&#8221;4.17.4&#8243; _module_preset=&#8221;default&#8221; text_font=&#8221;REBECA|||on|||||&#8221; text_text_color=&#8221;#fe304c&#8221; text_font_size=&#8221;22px&#8221; text_orientation=&#8221;center&#8221; global_colors_info=&#8221;{}&#8221;]<\/p>\n<p>Para QUEM \u00e9?<\/p>\n<p>[\/et_pb_text][\/et_pb_column][\/et_pb_row][et_pb_row column_structure=&#8221;1_4,1_4,1_4,1_4&#8243; _builder_version=&#8221;4.17.4&#8243; _module_preset=&#8221;default&#8221; global_colors_info=&#8221;{}&#8221;][et_pb_column type=&#8221;1_4&#8243; _builder_version=&#8221;4.17.4&#8243; _module_preset=&#8221;default&#8221; global_colors_info=&#8221;{}&#8221;][et_pb_image src=&#8221;https:\/\/www.eu-exit.com\/wp-content\/uploads\/2025\/12\/16.png&#8221; title_text=&#8221;Indiv\u00edduos&#8221; align=&#8221;center&#8221; _builder_version=&#8221;4.17.4&#8243; _module_preset=&#8221;default&#8221; width=&#8221;60%&#8221; module_alignment=&#8221;center&#8221; global_colors_info=&#8221;{}&#8221;][\/et_pb_image][et_pb_text _builder_version=&#8221;4.17.4&#8243; _module_preset=&#8221;default&#8221; text_font=&#8221;Montserrat|600||on|||||&#8221; text_text_color=&#8221;#FFFFFF&#8221; text_orientation=&#8221;center&#8221; global_colors_info=&#8221;{}&#8221;]<\/p>\n<p>Indiv\u00edduos Soberanos<\/p>\n<p>[\/et_pb_text][et_pb_image src=&#8221;https:\/\/www.eu-exit.com\/wp-content\/uploads\/2025\/12\/18.png&#8221; title_text=&#8221;Traders e Investidores de Criptomoedas&#8221; align=&#8221;center&#8221; _builder_version=&#8221;4.17.4&#8243; _module_preset=&#8221;default&#8221; width=&#8221;60%&#8221; module_alignment=&#8221;center&#8221; global_colors_info=&#8221;{}&#8221;][\/et_pb_image][et_pb_text _builder_version=&#8221;4.17.4&#8243; _module_preset=&#8221;default&#8221; text_font=&#8221;Montserrat|600||on|||||&#8221; text_text_color=&#8221;#FFFFFF&#8221; text_orientation=&#8221;center&#8221; global_colors_info=&#8221;{}&#8221;]<\/p>\n<p>Traders e Investidores de Criptomoedas<\/p>\n<p>[\/et_pb_text][\/et_pb_column][et_pb_column type=&#8221;1_4&#8243; _builder_version=&#8221;4.17.4&#8243; _module_preset=&#8221;default&#8221; global_colors_info=&#8221;{}&#8221;][et_pb_image src=&#8221;https:\/\/www.eu-exit.com\/wp-content\/uploads\/2025\/12\/15.png&#8221; title_text=&#8221;N\u00f3madas Digitais&#8221; align=&#8221;center&#8221; _builder_version=&#8221;4.17.4&#8243; _module_preset=&#8221;default&#8221; width=&#8221;60%&#8221; module_alignment=&#8221;center&#8221; global_colors_info=&#8221;{}&#8221;][\/et_pb_image][et_pb_text _builder_version=&#8221;4.17.4&#8243; _module_preset=&#8221;default&#8221; text_font=&#8221;Montserrat|600||on|||||&#8221; text_text_color=&#8221;#FFFFFF&#8221; text_orientation=&#8221;center&#8221; global_colors_info=&#8221;{}&#8221;]<\/p>\n<p>N\u00f3madas Digitais<\/p>\n<p>[\/et_pb_text][et_pb_image src=&#8221;https:\/\/www.eu-exit.com\/wp-content\/uploads\/2025\/12\/20.png&#8221; title_text=&#8221;Tomadores de Decis\u00e3o Conscientes&#8221; align=&#8221;center&#8221; _builder_version=&#8221;4.17.4&#8243; _module_preset=&#8221;default&#8221; width=&#8221;60%&#8221; module_alignment=&#8221;center&#8221; global_colors_info=&#8221;{}&#8221;][\/et_pb_image][et_pb_text _builder_version=&#8221;4.17.4&#8243; _module_preset=&#8221;default&#8221; text_font=&#8221;Montserrat|600||on|||||&#8221; text_text_color=&#8221;#FFFFFF&#8221; text_orientation=&#8221;center&#8221; global_colors_info=&#8221;{}&#8221;]<\/p>\n<p>Tomadores de Decis\u00e3o Conscientes<\/p>\n<p>[\/et_pb_text][\/et_pb_column][et_pb_column type=&#8221;1_4&#8243; _builder_version=&#8221;4.17.4&#8243; _module_preset=&#8221;default&#8221; global_colors_info=&#8221;{}&#8221;][et_pb_image src=&#8221;https:\/\/www.eu-exit.com\/wp-content\/uploads\/2025\/12\/17.png&#8221; title_text=&#8221;Empreendedores&#8221; align=&#8221;center&#8221; _builder_version=&#8221;4.17.4&#8243; _module_preset=&#8221;default&#8221; width=&#8221;60%&#8221; module_alignment=&#8221;center&#8221; global_colors_info=&#8221;{}&#8221;][\/et_pb_image][et_pb_text _builder_version=&#8221;4.17.4&#8243; _module_preset=&#8221;default&#8221; text_font=&#8221;Montserrat|600||on|||||&#8221; text_text_color=&#8221;#FFFFFF&#8221; text_orientation=&#8221;center&#8221; global_colors_info=&#8221;{}&#8221;]<\/p>\n<p>Empreendedores Estrat\u00e9gicos<\/p>\n<p>[\/et_pb_text][et_pb_image src=&#8221;https:\/\/www.eu-exit.com\/wp-content\/uploads\/2025\/12\/21.png&#8221; title_text=&#8221;Buscadores de Liberdade&#8221; align=&#8221;center&#8221; _builder_version=&#8221;4.17.4&#8243; _module_preset=&#8221;default&#8221; width=&#8221;60%&#8221; module_alignment=&#8221;center&#8221; global_colors_info=&#8221;{}&#8221;][\/et_pb_image][et_pb_text _builder_version=&#8221;4.17.4&#8243; _module_preset=&#8221;default&#8221; text_font=&#8221;Montserrat|600||on|||||&#8221; text_text_color=&#8221;#FFFFFF&#8221; text_orientation=&#8221;center&#8221; global_colors_info=&#8221;{}&#8221;]<\/p>\n<p>Buscadores de Liberdade Independentes<\/p>\n<p>[\/et_pb_text][\/et_pb_column][et_pb_column type=&#8221;1_4&#8243; _builder_version=&#8221;4.17.4&#8243; _module_preset=&#8221;default&#8221; global_colors_info=&#8221;{}&#8221;][et_pb_image src=&#8221;https:\/\/www.eu-exit.com\/wp-content\/uploads\/2025\/12\/14.png&#8221; title_text=&#8221;Empresas&#8221; align=&#8221;center&#8221; _builder_version=&#8221;4.17.4&#8243; _module_preset=&#8221;default&#8221; width=&#8221;60%&#8221; module_alignment=&#8221;center&#8221; global_colors_info=&#8221;{}&#8221;][\/et_pb_image][et_pb_text _builder_version=&#8221;4.17.4&#8243; _module_preset=&#8221;default&#8221; text_font=&#8221;Montserrat|600||on|||||&#8221; text_text_color=&#8221;#FFFFFF&#8221; text_orientation=&#8221;center&#8221; global_colors_info=&#8221;{}&#8221;]<\/p>\n<p>Empresas Estruturadas<\/p>\n<p>[\/et_pb_text][et_pb_image src=&#8221;https:\/\/www.eu-exit.com\/wp-content\/uploads\/2025\/12\/19.png&#8221; title_text=&#8221;Arquitetos do Futuro&#8221; align=&#8221;center&#8221; _builder_version=&#8221;4.17.4&#8243; _module_preset=&#8221;default&#8221; width=&#8221;60%&#8221; module_alignment=&#8221;center&#8221; global_colors_info=&#8221;{}&#8221;][\/et_pb_image][et_pb_text _builder_version=&#8221;4.17.4&#8243; _module_preset=&#8221;default&#8221; text_font=&#8221;Montserrat|600||on|||||&#8221; text_text_color=&#8221;#FFFFFF&#8221; text_orientation=&#8221;center&#8221; global_colors_info=&#8221;{}&#8221;]<\/p>\n<p>Arquitetos do Futuro a Longo Prazo<\/p>\n<p>[\/et_pb_text][\/et_pb_column][\/et_pb_row][et_pb_row _builder_version=&#8221;4.17.4&#8243; _module_preset=&#8221;default&#8221; min_height=&#8221;294.3px&#8221; custom_margin=&#8221;18px|auto||auto||&#8221; global_colors_info=&#8221;{}&#8221;][et_pb_column type=&#8221;4_4&#8243; _builder_version=&#8221;4.17.4&#8243; _module_preset=&#8221;default&#8221; global_colors_info=&#8221;{}&#8221;][et_pb_text _builder_version=&#8221;4.17.4&#8243; _module_preset=&#8221;default&#8221; text_font=&#8221;REBECA|||on|||||&#8221; text_text_color=&#8221;#fe304c&#8221; text_font_size=&#8221;22px&#8221; text_line_height=&#8221;1.8em&#8221; global_colors_info=&#8221;{}&#8221;]<\/p>\n<p><b>O EU-EXIT n\u00e3o \u00e9 para todos!<\/b><\/p>\n<p>[\/et_pb_text][et_pb_text _builder_version=&#8221;4.17.4&#8243; _module_preset=&#8221;default&#8221; text_font=&#8221;Montserrat|300|||||||&#8221; text_text_color=&#8221;#FFFFFF&#8221; text_font_size=&#8221;22px&#8221; global_colors_info=&#8221;{}&#8221;]<\/p>\n<p>\u00c9 constru\u00eddo para pessoas que preferem clareza a persuas\u00e3o, responsabilidade a atalhos e estrutura a improvisa\u00e7\u00e3o. N\u00e3o dependemos de chamadas intermin\u00e1veis, funis de vendas ou personalidades especializadas. <\/p>\n<p>O EU-EXIT \u00e9 constru\u00eddo como uma plataforma \u2014 n\u00e3o uma marca pessoal.<\/p>\n<p>Tudo \u00e9 estruturado, documentado e transparente. Avan\u00e7a quando decide, n\u00e3o quando algu\u00e9m o convence. <\/p>\n<p>Se esta abordagem ressoar consigo, o EU-EXIT foi constru\u00eddo para si.<\/p>\n<p>[\/et_pb_text][\/et_pb_column][\/et_pb_row][et_pb_row _builder_version=&#8221;4.17.4&#8243; _module_preset=&#8221;default&#8221; custom_padding=&#8221;46px|||||&#8221; global_colors_info=&#8221;{}&#8221;][et_pb_column type=&#8221;4_4&#8243; _builder_version=&#8221;4.17.4&#8243; _module_preset=&#8221;default&#8221; global_colors_info=&#8221;{}&#8221;][et_pb_text _builder_version=&#8221;4.17.4&#8243; _module_preset=&#8221;default&#8221; text_font=&#8221;REBECA|||on|||||&#8221; text_text_color=&#8221;#fe304c&#8221; text_font_size=&#8221;22px&#8221; text_line_height=&#8221;1.8em&#8221; global_colors_info=&#8221;{}&#8221;]<\/p>\n<p><b>O melhor caminho de sa\u00edda atual: Ge\u00f3rgia<\/b><\/p>\n<p>[\/et_pb_text][et_pb_text _builder_version=&#8221;4.17.4&#8243; _module_preset=&#8221;default&#8221; text_font=&#8221;Montserrat|300|||||||&#8221; text_text_color=&#8221;#FFFFFF&#8221; text_font_size=&#8221;22px&#8221; global_colors_info=&#8221;{}&#8221;]<\/p>\n<p>Como jurisdi\u00e7\u00e3o n\u00e3o pertencente \u00e0 UE, a Ge\u00f3rgia oferece atualmente um dos quadros mais pr\u00e1ticos e equilibrados para uma sa\u00edda estruturada da Uni\u00e3o Europeia, combinando clareza jur\u00eddica, burocracia gerenci\u00e1vel e proximidade com a Europa.<\/p>\n<p>O processo pode ser amplamente tratado remotamente e num curto espa\u00e7o de tempo, tornando a Ge\u00f3rgia especialmente acess\u00edvel para indiv\u00edduos e empresas que procuram uma transi\u00e7\u00e3o eficiente.<\/p>\n<p>A Ge\u00f3rgia \u00e9 tamb\u00e9m um dos ambientes mais favor\u00e1veis \u00e0s criptomoedas fora da UE. Em conson\u00e2ncia com isto, o EU-EXIT \u00e9 favor\u00e1vel \u00e0s criptomoedas por design, permitindo pagamentos em criptomoedas juntamente com m\u00e9todos tradicionais. <\/p>\n<p>Por estas raz\u00f5es, a Ge\u00f3rgia \u00e9 o ponto de partida mais forte para o seu EU-EXIT hoje.<\/p>\n<p>[\/et_pb_text][\/et_pb_column][\/et_pb_row][et_pb_row _builder_version=&#8221;4.17.4&#8243; _module_preset=&#8221;default&#8221; custom_padding=&#8221;45px|||||&#8221; global_colors_info=&#8221;{}&#8221;][et_pb_column type=&#8221;4_4&#8243; _builder_version=&#8221;4.17.4&#8243; _module_preset=&#8221;default&#8221; global_colors_info=&#8221;{}&#8221;][et_pb_text _builder_version=&#8221;4.17.4&#8243; _module_preset=&#8221;default&#8221; text_font=&#8221;REBECA|||on|||||&#8221; text_text_color=&#8221;#fe304c&#8221; text_font_size=&#8221;22px&#8221; text_line_height=&#8221;1.8em&#8221; custom_margin=&#8221;||-15px||false|false&#8221; global_colors_info=&#8221;{}&#8221;]<\/p>\n<p><b>O EU-Exit ser\u00e1 lan\u00e7ado em breve!<\/b><\/p>\n<p>[\/et_pb_text][\/et_pb_column][\/et_pb_row][et_pb_row column_structure=&#8221;1_2,1_2&#8243; _builder_version=&#8221;4.17.4&#8243; _module_preset=&#8221;default&#8221; background_color=&#8221;RGBA(255,255,255,0)&#8221; global_colors_info=&#8221;{}&#8221;][et_pb_column type=&#8221;1_2&#8243; _builder_version=&#8221;4.17.4&#8243; _module_preset=&#8221;default&#8221; background_color=&#8221;RGBA(255,255,255,0)&#8221; global_colors_info=&#8221;{}&#8221;][et_pb_text _builder_version=&#8221;4.17.4&#8243; _module_preset=&#8221;default&#8221; text_font=&#8221;Montserrat||||||||&#8221; text_text_color=&#8221;#FFFFFF&#8221; text_font_size=&#8221;20px&#8221; background_color=&#8221;RGBA(255,255,255,0)&#8221; custom_margin=&#8221;-10px||||false|false&#8221; custom_padding=&#8221;24px|44px|24px|44px|true|true&#8221; border_width_all=&#8221;2px&#8221; border_color_all=&#8221;#FFFFFF&#8221; box_shadow_style=&#8221;preset1&#8243; box_shadow_spread=&#8221;5px&#8221; global_colors_info=&#8221;{}&#8221;]<\/p>\n<p>Junte-se \u00e0 lista de espera para receber uma excelente oferta de lan\u00e7amento quando a plataforma for lan\u00e7ada.<\/p>\n<p>S\u00f3 entraremos em contacto consigo uma vez \u2014 para o informar de que est\u00e1 pronto.<\/p>\n<p>[\/et_pb_text][\/et_pb_column][et_pb_column type=&#8221;1_2&#8243; _builder_version=&#8221;4.17.4&#8243; _module_preset=&#8221;default&#8221; background_color=&#8221;RGBA(255,255,255,0)&#8221; global_colors_info=&#8221;{}&#8221;][et_pb_contact_form captcha=&#8221;off&#8221; email=&#8221;mira@eu-exit.com&#8221; title=&#8221;Junte-se \u00e0 lista de espera&#8221; custom_message=&#8221;Novo e-mail para a lista de espera:||et_pb_line_break_holder||%%Email%%&#8221; use_redirect=&#8221;on&#8221; redirect_url=&#8221;https:\/\/www.eu-exit.com\/pt-pt\/waitlist-sign-up\/&#8221; success_message=&#8221;Est\u00e1 preparado para a sua SA\u00cdDA&#8221; submit_button_text=&#8221;Junte-se agora&#8221; _builder_version=&#8221;4.17.4&#8243; _module_preset=&#8221;default&#8221; _unique_id=&#8221;bcf051b6-1ba6-4d9c-be70-6518e11390e3&#8243; form_field_background_color=&#8221;RGBA(255,255,255,0)&#8221; form_field_text_color=&#8221;#FFFFFF&#8221; form_field_focus_background_color=&#8221;RGBA(255,255,255,0)&#8221; form_field_focus_text_color=&#8221;#FFFFFF&#8221; form_field_custom_margin=&#8221;4px|0px||0px|false|false&#8221; title_level=&#8221;h4&#8243; title_font=&#8221;REBECA||||||||&#8221; title_text_align=&#8221;left&#8221; title_text_color=&#8221;#FFFFFF&#8221; title_font_size=&#8221;22px&#8221; form_field_font=&#8221;Montserrat|500|||||||&#8221; form_field_text_align=&#8221;left&#8221; form_field_font_size=&#8221;16px&#8221; background_color=&#8221;RGBA(255,255,255,0)&#8221; custom_button=&#8221;on&#8221; button_text_size=&#8221;22px&#8221; button_text_color=&#8221;#FFFFFF&#8221; button_bg_color=&#8221;RGBA(255,255,255,0)&#8221; button_border_color=&#8221;#fe304c&#8221; button_border_radius=&#8221;22px&#8221; button_font=&#8221;Montserrat|||on|||||&#8221; button_icon=&#8221;&#xf054;||fa||900&#8243; button_icon_color=&#8221;#6302b6&#8243; button_custom_margin=&#8221;13px|0px|0px|0px|false|true&#8221; button_custom_padding=&#8221;|15px||15px|false|true&#8221; text_orientation=&#8221;left&#8221; module_alignment=&#8221;center&#8221; custom_margin=&#8221;15px|0px||0px|false|false&#8221; custom_padding=&#8221;0px|0px||0px|false|false&#8221; border_color_all=&#8221;#FFFFFF&#8221; box_shadow_style=&#8221;preset1&#8243; box_shadow_style_button=&#8221;preset1&#8243; box_shadow_blur_button=&#8221;33px&#8221; box_shadow_spread_button=&#8221;4px&#8221; global_colors_info=&#8221;{}&#8221;][et_pb_contact_field field_id=&#8221;Email&#8221; field_title=&#8221;Endere\u00e7o de e-mail&#8221; field_type=&#8221;email&#8221; fullwidth_field=&#8221;on&#8221; _builder_version=&#8221;4.17.4&#8243; form_field_font=&#8221;Montserrat|500|||||||&#8221; border_width_all=&#8221;2px&#8221; border_color_all=&#8221;#fe304c&#8221; global_colors_info=&#8221;{}&#8221; button_text_size__hover_enabled=&#8221;off&#8221; button_one_text_size__hover_enabled=&#8221;off&#8221; button_two_text_size__hover_enabled=&#8221;off&#8221; button_text_color__hover_enabled=&#8221;off&#8221; button_one_text_color__hover_enabled=&#8221;off&#8221; button_two_text_color__hover_enabled=&#8221;off&#8221; button_border_width__hover_enabled=&#8221;off&#8221; button_one_border_width__hover_enabled=&#8221;off&#8221; button_two_border_width__hover_enabled=&#8221;off&#8221; button_border_color__hover_enabled=&#8221;off&#8221; button_one_border_color__hover_enabled=&#8221;off&#8221; button_two_border_color__hover_enabled=&#8221;off&#8221; button_border_radius__hover_enabled=&#8221;off&#8221; button_one_border_radius__hover_enabled=&#8221;off&#8221; button_two_border_radius__hover_enabled=&#8221;off&#8221; button_letter_spacing__hover_enabled=&#8221;off&#8221; button_one_letter_spacing__hover_enabled=&#8221;off&#8221; button_two_letter_spacing__hover_enabled=&#8221;off&#8221; button_bg_color__hover_enabled=&#8221;off&#8221; button_one_bg_color__hover_enabled=&#8221;off&#8221; button_two_bg_color__hover_enabled=&#8221;off&#8221;][\/et_pb_contact_field][\/et_pb_contact_form][\/et_pb_column][\/et_pb_row][et_pb_row _builder_version=&#8221;4.17.4&#8243; _module_preset=&#8221;default&#8221; global_colors_info=&#8221;{}&#8221;][et_pb_column type=&#8221;4_4&#8243; _builder_version=&#8221;4.17.4&#8243; _module_preset=&#8221;default&#8221; global_colors_info=&#8221;{}&#8221;][et_pb_text _builder_version=&#8221;4.17.4&#8243; _module_preset=&#8221;default&#8221; text_font=&#8221;Montserrat|300|||||||&#8221; text_text_color=&#8221;#FFFFFF&#8221; global_colors_info=&#8221;{}&#8221;]<\/p>\n<p>Ao aderir \u00e0 lista de espera, concorda em receber uma notifica\u00e7\u00e3o \u00fanica quando o EU-EXIT for lan\u00e7ado.<\/p>\n<p>Os seus dados n\u00e3o ser\u00e3o partilhados. Pode cancelar a subscri\u00e7\u00e3o a qualquer momento. <\/p>\n<p><a href=\"https:\/\/www.eu-exit.com\/privacy-policy\" target=\"_blank\" rel=\"noopener\" title=\"Pol\u00edtica de Privacidade\"><b>Pol\u00edtica de Privacidade<\/b><\/a><\/p>\n<p>[\/et_pb_text][\/et_pb_column][\/et_pb_row][\/et_pb_section]<\/p>\n","protected":false},"excerpt":{"rendered":"<p>EU-EXITA sa\u00edda \u00e9 uma decis\u00e3o. A estrutura torna-a poss\u00edvel. O que \u00e9 o EU-EXIT?O EU-EXIT est\u00e1 a construir uma plataforma que ajuda indiv\u00edduos e empresas a orientarem-se na sua sa\u00edda da Uni\u00e3o Europeia \u2014 passo a passo, sem press\u00e3o e sem complexidade desnecess\u00e1ria. \u00c9 uma infraestrutura digital que transforma decis\u00f5es de sa\u00edda num processo claro, [&hellip;]<\/p>\n","protected":false},"author":3,"featured_media":0,"parent":0,"menu_order":0,"comment_status":"closed","ping_status":"closed","template":"","meta":{"_et_pb_use_builder":"on","_et_pb_old_content":"","_et_gb_content_width":"","footnotes":""},"class_list":["post-315","page","type-page","status-publish","hentry"],"_links":{"self":[{"href":"https:\/\/www.eu-exit.com\/pt-pt\/wp-json\/wp\/v2\/pages\/315","targetHints":{"allow":["GET"]}}],"collection":[{"href":"https:\/\/www.eu-exit.com\/pt-pt\/wp-json\/wp\/v2\/pages"}],"about":[{"href":"https:\/\/www.eu-exit.com\/pt-pt\/wp-json\/wp\/v2\/types\/page"}],"author":[{"embeddable":true,"href":"https:\/\/www.eu-exit.com\/pt-pt\/wp-json\/wp\/v2\/users\/3"}],"replies":[{"embeddable":true,"href":"https:\/\/www.eu-exit.com\/pt-pt\/wp-json\/wp\/v2\/comments?post=315"}],"version-history":[{"count":5,"href":"https:\/\/www.eu-exit.com\/pt-pt\/wp-json\/wp\/v2\/pages\/315\/revisions"}],"predecessor-version":[{"id":349,"href":"https:\/\/www.eu-exit.com\/pt-pt\/wp-json\/wp\/v2\/pages\/315\/revisions\/349"}],"wp:attachment":[{"href":"https:\/\/www.eu-exit.com\/pt-pt\/wp-json\/wp\/v2\/media?parent=315"}],"curies":[{"name":"wp","href":"https:\/\/api.w.org\/{rel}","templated":true}]}}