{"id":329,"date":"2025-12-19T13:40:16","date_gmt":"2025-12-19T13:40:16","guid":{"rendered":"https:\/\/www.eu-exit.com\/proximamente\/"},"modified":"2025-12-29T07:40:44","modified_gmt":"2025-12-29T07:40:44","slug":"proximamente","status":"publish","type":"page","link":"https:\/\/www.eu-exit.com\/es\/","title":{"rendered":"COMING SOON"},"content":{"rendered":"<p>[et_pb_section fb_built=\u00bb1&#8243; _builder_version=\u00bb4.17.4&#8243; _module_preset=\u00bbdefault\u00bb background_color=\u00bb#FFFFFF\u00bb use_background_color_gradient=\u00bbon\u00bb background_color_gradient_stops=\u00bb#2d005d 52%|#fe304c 100%\u00bb hover_enabled=\u00bb0&#8243; background_last_edited=\u00bbon|phone\u00bb use_background_color_gradient_phone=\u00bbon\u00bb background_color_gradient_stops_phone=\u00bb#2d005d 77%|#fe304c 100%\u00bb global_colors_info=\u00bb{}\u00bb sticky_enabled=\u00bb0&#8243; background_color_gradient_direction_radial_phone=\u00bbright\u00bb background_color_gradient_type_phone=\u00bblinear\u00bb background_color_gradient_unit_tablet=\u00bb%\u00bb background_color_gradient_type_tablet=\u00bblinear\u00bb background_color_gradient_stops_tablet=\u00bb#2d005d 55%|#fe304c 100%\u00bb background_color_gradient_repeat_tablet=\u00bboff\u00bb background_color_gradient_direction_tablet=\u00bb160deg\u00bb use_background_color_gradient_tablet=\u00bbon\u00bb background_color_gradient_direction=\u00bb167deg\u00bb][et_pb_row _builder_version=\u00bb4.17.4&#8243; _module_preset=\u00bbdefault\u00bb global_colors_info=\u00bb{}\u00bb][et_pb_column type=\u00bb4_4&#8243; _builder_version=\u00bb4.17.4&#8243; _module_preset=\u00bbdefault\u00bb global_colors_info=\u00bb{}\u00bb][et_pb_text _builder_version=\u00bb4.17.4&#8243; _module_preset=\u00bbdefault\u00bb header_font=\u00bbREBECA||||||||\u00bb header_text_align=\u00bbcenter\u00bb header_text_color=\u00bb#FFFFFF\u00bb header_font_size=\u00bb64px\u00bb module_alignment=\u00bbcenter\u00bb custom_margin=\u00bb||1px|||\u00bb global_colors_info=\u00bb{}\u00bb]<\/p>\n<h1>EU-EXIT<\/h1>\n<p>[\/et_pb_text][\/et_pb_column][\/et_pb_row][et_pb_row _builder_version=\u00bb4.17.4&#8243; _module_preset=\u00bbdefault\u00bb global_colors_info=\u00bb{}\u00bb][et_pb_column type=\u00bb4_4&#8243; _builder_version=\u00bb4.17.4&#8243; _module_preset=\u00bbdefault\u00bb global_colors_info=\u00bb{}\u00bb][et_pb_text _builder_version=\u00bb4.17.4&#8243; _module_preset=\u00bbdefault\u00bb header_font=\u00bbMontserrat||||||||\u00bb header_text_color=\u00bb#FFFFFF\u00bb header_2_font=\u00bbMontserrat|300|||||||\u00bb header_2_text_align=\u00bbcenter\u00bb header_2_text_color=\u00bb#FFFFFF\u00bb header_2_font_size=\u00bb34px\u00bb global_colors_info=\u00bb{}\u00bb]<\/p>\n<h2>Salir es una decisi\u00f3n. La estructura lo hace posible.<\/h2>\n<p>[\/et_pb_text][\/et_pb_column][\/et_pb_row][et_pb_row _builder_version=\u00bb4.17.4&#8243; _module_preset=\u00bbdefault\u00bb module_alignment=\u00bbcenter\u00bb custom_margin=\u00bb30px|0px||0px|false|true\u00bb custom_padding=\u00bb|0px||0px|false|true\u00bb global_colors_info=\u00bb{}\u00bb][et_pb_column type=\u00bb4_4&#8243; _builder_version=\u00bb4.17.4&#8243; _module_preset=\u00bbdefault\u00bb global_colors_info=\u00bb{}\u00bb][et_pb_text _builder_version=\u00bb4.17.4&#8243; _module_preset=\u00bbdefault\u00bb text_font=\u00bbREBECA||||||||\u00bb text_text_color=\u00bb#fe304c\u00bb text_font_size=\u00bb22px\u00bb global_colors_info=\u00bb{}\u00bb]<\/p>\n<p>\u00bfQu\u00e9 es EU-EXIT?<\/p>\n<p>[\/et_pb_text][et_pb_text _builder_version=\u00bb4.17.4&#8243; _module_preset=\u00bbdefault\u00bb text_font=\u00bbMontserrat|300|||||||\u00bb text_text_color=\u00bb#FFFFFF\u00bb text_font_size=\u00bb22px\u00bb global_colors_info=\u00bb{}\u00bb]<\/p>\n<p>EU-EXIT est\u00e1 construyendo una plataforma que ayuda a particulares y empresas a gestionar su salida de la Uni\u00f3n Europea, paso a paso, sin presiones ni complejidades innecesarias.<\/p>\n<p>Es una infraestructura digital que convierte las decisiones de salida en un proceso claro y sencillo, paso a paso.<\/p>\n<p>[\/et_pb_text][\/et_pb_column][\/et_pb_row][et_pb_row _builder_version=\u00bb4.17.4&#8243; _module_preset=\u00bbdefault\u00bb width=\u00bb100%\u00bb max_width=\u00bb2560px\u00bb module_alignment=\u00bbcenter\u00bb custom_margin=\u00bb|0px||0px|false|false\u00bb custom_padding=\u00bb45px|0px||0px|false|false\u00bb global_colors_info=\u00bb{}\u00bb][et_pb_column type=\u00bb4_4&#8243; _builder_version=\u00bb4.17.4&#8243; _module_preset=\u00bbdefault\u00bb global_colors_info=\u00bb{}\u00bb][et_pb_text _builder_version=\u00bb4.17.4&#8243; _module_preset=\u00bbdefault\u00bb text_font=\u00bbREBECA|||on|||||\u00bb text_text_color=\u00bb#fe304c\u00bb text_font_size=\u00bb22px\u00bb text_orientation=\u00bbcenter\u00bb global_colors_info=\u00bb{}\u00bb]<\/p>\n<p>\u00bfPARA QUI\u00c9N es?<\/p>\n<p>[\/et_pb_text][\/et_pb_column][\/et_pb_row][et_pb_row column_structure=\u00bb1_4,1_4,1_4,1_4&#8243; _builder_version=\u00bb4.17.4&#8243; _module_preset=\u00bbdefault\u00bb global_colors_info=\u00bb{}\u00bb][et_pb_column type=\u00bb1_4&#8243; _builder_version=\u00bb4.17.4&#8243; _module_preset=\u00bbdefault\u00bb global_colors_info=\u00bb{}\u00bb][et_pb_image src=\u00bbhttps:\/\/www.eu-exit.com\/wp-content\/uploads\/2025\/12\/16.png\u00bb title_text=\u00bbParticulares\u00bb align=\u00bbcenter\u00bb _builder_version=\u00bb4.17.4&#8243; _module_preset=\u00bbdefault\u00bb width=\u00bb60%\u00bb module_alignment=\u00bbcenter\u00bb global_colors_info=\u00bb{}\u00bb][\/et_pb_image][et_pb_text _builder_version=\u00bb4.17.4&#8243; _module_preset=\u00bbdefault\u00bb text_font=\u00bbMontserrat|600||on|||||\u00bb text_text_color=\u00bb#FFFFFF\u00bb text_orientation=\u00bbcenter\u00bb global_colors_info=\u00bb{}\u00bb]<\/p>\n<p>Particulares soberanos<\/p>\n<p>[\/et_pb_text][et_pb_image src=\u00bbhttps:\/\/www.eu-exit.com\/wp-content\/uploads\/2025\/12\/18.png\u00bb title_text=\u00bbTraders e inversores de criptomonedas\u00bb align=\u00bbcenter\u00bb _builder_version=\u00bb4.17.4&#8243; _module_preset=\u00bbdefault\u00bb width=\u00bb60%\u00bb module_alignment=\u00bbcenter\u00bb global_colors_info=\u00bb{}\u00bb][\/et_pb_image][et_pb_text _builder_version=\u00bb4.17.4&#8243; _module_preset=\u00bbdefault\u00bb text_font=\u00bbMontserrat|600||on|||||\u00bb text_text_color=\u00bb#FFFFFF\u00bb text_orientation=\u00bbcenter\u00bb global_colors_info=\u00bb{}\u00bb]<\/p>\n<p>Traders e inversores de criptomonedas<\/p>\n<p>[\/et_pb_text][\/et_pb_column][et_pb_column type=\u00bb1_4&#8243; _builder_version=\u00bb4.17.4&#8243; _module_preset=\u00bbdefault\u00bb global_colors_info=\u00bb{}\u00bb][et_pb_image src=\u00bbhttps:\/\/www.eu-exit.com\/wp-content\/uploads\/2025\/12\/15.png\u00bb title_text=\u00bbN\u00f3madas digitales\u00bb align=\u00bbcenter\u00bb _builder_version=\u00bb4.17.4&#8243; _module_preset=\u00bbdefault\u00bb width=\u00bb60%\u00bb module_alignment=\u00bbcenter\u00bb global_colors_info=\u00bb{}\u00bb][\/et_pb_image][et_pb_text _builder_version=\u00bb4.17.4&#8243; _module_preset=\u00bbdefault\u00bb text_font=\u00bbMontserrat|600||on|||||\u00bb text_text_color=\u00bb#FFFFFF\u00bb text_orientation=\u00bbcenter\u00bb global_colors_info=\u00bb{}\u00bb]<\/p>\n<p>N\u00f3madas digitales<\/p>\n<p>[\/et_pb_text][et_pb_image src=\u00bbhttps:\/\/www.eu-exit.com\/wp-content\/uploads\/2025\/12\/20.png\u00bb title_text=\u00bbTomadores de decisiones conscientes\u00bb align=\u00bbcenter\u00bb _builder_version=\u00bb4.17.4&#8243; _module_preset=\u00bbdefault\u00bb width=\u00bb60%\u00bb module_alignment=\u00bbcenter\u00bb global_colors_info=\u00bb{}\u00bb][\/et_pb_image][et_pb_text _builder_version=\u00bb4.17.4&#8243; _module_preset=\u00bbdefault\u00bb text_font=\u00bbMontserrat|600||on|||||\u00bb text_text_color=\u00bb#FFFFFF\u00bb text_orientation=\u00bbcenter\u00bb global_colors_info=\u00bb{}\u00bb]<\/p>\n<p>Tomadores de decisiones conscientes<\/p>\n<p>[\/et_pb_text][\/et_pb_column][et_pb_column type=\u00bb1_4&#8243; _builder_version=\u00bb4.17.4&#8243; _module_preset=\u00bbdefault\u00bb global_colors_info=\u00bb{}\u00bb][et_pb_image src=\u00bbhttps:\/\/www.eu-exit.com\/wp-content\/uploads\/2025\/12\/17.png\u00bb title_text=\u00bbEmprendedores\u00bb align=\u00bbcenter\u00bb _builder_version=\u00bb4.17.4&#8243; _module_preset=\u00bbdefault\u00bb width=\u00bb60%\u00bb module_alignment=\u00bbcenter\u00bb global_colors_info=\u00bb{}\u00bb][\/et_pb_image][et_pb_text _builder_version=\u00bb4.17.4&#8243; _module_preset=\u00bbdefault\u00bb text_font=\u00bbMontserrat|600||on|||||\u00bb text_text_color=\u00bb#FFFFFF\u00bb text_orientation=\u00bbcenter\u00bb global_colors_info=\u00bb{}\u00bb]<\/p>\n<p>Emprendedores estrat\u00e9gicos<\/p>\n<p>[\/et_pb_text][et_pb_image src=\u00bbhttps:\/\/www.eu-exit.com\/wp-content\/uploads\/2025\/12\/21.png\u00bb title_text=\u00bbBuscadores de libertad\u00bb align=\u00bbcenter\u00bb _builder_version=\u00bb4.17.4&#8243; _module_preset=\u00bbdefault\u00bb width=\u00bb60%\u00bb module_alignment=\u00bbcenter\u00bb global_colors_info=\u00bb{}\u00bb][\/et_pb_image][et_pb_text _builder_version=\u00bb4.17.4&#8243; _module_preset=\u00bbdefault\u00bb text_font=\u00bbMontserrat|600||on|||||\u00bb text_text_color=\u00bb#FFFFFF\u00bb text_orientation=\u00bbcenter\u00bb global_colors_info=\u00bb{}\u00bb]<\/p>\n<p>Buscadores de libertad independientes<\/p>\n<p>[\/et_pb_text][\/et_pb_column][et_pb_column type=\u00bb1_4&#8243; _builder_version=\u00bb4.17.4&#8243; _module_preset=\u00bbdefault\u00bb global_colors_info=\u00bb{}\u00bb][et_pb_image src=\u00bbhttps:\/\/www.eu-exit.com\/wp-content\/uploads\/2025\/12\/14.png\u00bb title_text=\u00bbEmpresas\u00bb align=\u00bbcenter\u00bb _builder_version=\u00bb4.17.4&#8243; _module_preset=\u00bbdefault\u00bb width=\u00bb60%\u00bb module_alignment=\u00bbcenter\u00bb global_colors_info=\u00bb{}\u00bb][\/et_pb_image][et_pb_text _builder_version=\u00bb4.17.4&#8243; _module_preset=\u00bbdefault\u00bb text_font=\u00bbMontserrat|600||on|||||\u00bb text_text_color=\u00bb#FFFFFF\u00bb text_orientation=\u00bbcenter\u00bb global_colors_info=\u00bb{}\u00bb]<\/p>\n<p>Empresas estructuradas<\/p>\n<p>[\/et_pb_text][et_pb_image src=\u00bbhttps:\/\/www.eu-exit.com\/wp-content\/uploads\/2025\/12\/19.png\u00bb title_text=\u00bbArquitectos del futuro\u00bb align=\u00bbcenter\u00bb _builder_version=\u00bb4.17.4&#8243; _module_preset=\u00bbdefault\u00bb width=\u00bb60%\u00bb module_alignment=\u00bbcenter\u00bb global_colors_info=\u00bb{}\u00bb][\/et_pb_image][et_pb_text _builder_version=\u00bb4.17.4&#8243; _module_preset=\u00bbdefault\u00bb text_font=\u00bbMontserrat|600||on|||||\u00bb text_text_color=\u00bb#FFFFFF\u00bb text_orientation=\u00bbcenter\u00bb global_colors_info=\u00bb{}\u00bb]<\/p>\n<p>Arquitectos del futuro a largo plazo<\/p>\n<p>[\/et_pb_text][\/et_pb_column][\/et_pb_row][et_pb_row _builder_version=\u00bb4.17.4&#8243; _module_preset=\u00bbdefault\u00bb min_height=\u00bb294.3px\u00bb custom_margin=\u00bb18px|auto||auto||\u00bb global_colors_info=\u00bb{}\u00bb][et_pb_column type=\u00bb4_4&#8243; _builder_version=\u00bb4.17.4&#8243; _module_preset=\u00bbdefault\u00bb global_colors_info=\u00bb{}\u00bb][et_pb_text _builder_version=\u00bb4.17.4&#8243; _module_preset=\u00bbdefault\u00bb text_font=\u00bbREBECA|||on|||||\u00bb text_text_color=\u00bb#fe304c\u00bb text_font_size=\u00bb22px\u00bb text_line_height=\u00bb1.8em\u00bb global_colors_info=\u00bb{}\u00bb]<\/p>\n<p><b>\u00a1EU-EXIT no es para todo el mundo!<\/b><\/p>\n<p>[\/et_pb_text][et_pb_text _builder_version=\u00bb4.17.4&#8243; _module_preset=\u00bbdefault\u00bb text_font=\u00bbMontserrat|300|||||||\u00bb text_text_color=\u00bb#FFFFFF\u00bb text_font_size=\u00bb22px\u00bb global_colors_info=\u00bb{}\u00bb]<\/p>\n<p>Est\u00e1 dise\u00f1ado para personas que prefieren la claridad a la persuasi\u00f3n, la responsabilidad a los atajos y la estructura a la improvisaci\u00f3n. No dependemos de llamadas interminables, embudos de venta o personalidades expertas.<\/p>\n<p>EU-EXIT est\u00e1 construido como una plataforma, no como una marca personal.<\/p>\n<p>Todo est\u00e1 estructurado, documentado y es transparente. Avanza cuando usted decide, no cuando alguien le convence.<\/p>\n<p>Si este enfoque le atrae, EU-EXIT est\u00e1 hecho para usted.<\/p>\n<p>[\/et_pb_text][\/et_pb_column][\/et_pb_row][et_pb_row _builder_version=\u00bb4.17.4&#8243; _module_preset=\u00bbdefault\u00bb custom_padding=\u00bb46px|||||\u00bb global_colors_info=\u00bb{}\u00bb][et_pb_column type=\u00bb4_4&#8243; _builder_version=\u00bb4.17.4&#8243; _module_preset=\u00bbdefault\u00bb global_colors_info=\u00bb{}\u00bb][et_pb_text _builder_version=\u00bb4.17.4&#8243; _module_preset=\u00bbdefault\u00bb text_font=\u00bbREBECA|||on|||||\u00bb text_text_color=\u00bb#fe304c\u00bb text_font_size=\u00bb22px\u00bb text_line_height=\u00bb1.8em\u00bb global_colors_info=\u00bb{}\u00bb]<\/p>\n<p><b>La mejor v\u00eda de salida actual: Georgia<\/b><\/p>\n<p>[\/et_pb_text][et_pb_text _builder_version=\u00bb4.17.4&#8243; _module_preset=\u00bbdefault\u00bb text_font=\u00bbMontserrat|300|||||||\u00bb text_text_color=\u00bb#FFFFFF\u00bb text_font_size=\u00bb22px\u00bb global_colors_info=\u00bb{}\u00bb]<\/p>\n<p>Como jurisdicci\u00f3n no perteneciente a la UE, Georgia ofrece actualmente uno de los marcos m\u00e1s pr\u00e1cticos y equilibrados para una salida estructurada de la Uni\u00f3n Europea, combinando claridad jur\u00eddica, burocracia gestionable y proximidad a Europa.<\/p>\n<p>El proceso puede gestionarse en gran medida a distancia y en un breve plazo de tiempo, lo que hace que Georgia sea especialmente accesible para las personas y empresas que buscan una transici\u00f3n eficiente.<\/p>\n<p>Georgia es tambi\u00e9n uno de los entornos m\u00e1s favorables a las criptomonedas fuera de la UE. En consonancia con esto, EU-EXIT es favorable a las criptomonedas por dise\u00f1o, permitiendo pagos en criptomonedas junto con los m\u00e9todos tradicionales.<\/p>\n<p>Por estas razones, Georgia es el punto de partida m\u00e1s s\u00f3lido para su EU-EXIT hoy mismo.<\/p>\n<p>[\/et_pb_text][\/et_pb_column][\/et_pb_row][et_pb_row _builder_version=\u00bb4.17.4&#8243; _module_preset=\u00bbdefault\u00bb custom_padding=\u00bb45px|||||\u00bb global_colors_info=\u00bb{}\u00bb][et_pb_column type=\u00bb4_4&#8243; _builder_version=\u00bb4.17.4&#8243; _module_preset=\u00bbdefault\u00bb global_colors_info=\u00bb{}\u00bb][et_pb_text _builder_version=\u00bb4.17.4&#8243; _module_preset=\u00bbdefault\u00bb text_font=\u00bbREBECA|||on|||||\u00bb text_text_color=\u00bb#fe304c\u00bb text_font_size=\u00bb22px\u00bb text_line_height=\u00bb1.8em\u00bb custom_margin=\u00bb||-15px||false|false\u00bb global_colors_info=\u00bb{}\u00bb]<\/p>\n<p><b>\u00a1EU-Exit se lanzar\u00e1 pronto!<\/b><\/p>\n<p>[\/et_pb_text][\/et_pb_column][\/et_pb_row][et_pb_row column_structure=\u00bb1_2,1_2&#8243; _builder_version=\u00bb4.17.4&#8243; _module_preset=\u00bbdefault\u00bb background_color=\u00bbRGBA(255,255,255,0)\u00bb global_colors_info=\u00bb{}\u00bb][et_pb_column type=\u00bb1_2&#8243; _builder_version=\u00bb4.17.4&#8243; _module_preset=\u00bbdefault\u00bb background_color=\u00bbRGBA(255,255,255,0)\u00bb global_colors_info=\u00bb{}\u00bb][et_pb_text _builder_version=\u00bb4.17.4&#8243; _module_preset=\u00bbdefault\u00bb text_font=\u00bbMontserrat||||||||\u00bb text_text_color=\u00bb#FFFFFF\u00bb text_font_size=\u00bb20px\u00bb background_color=\u00bbRGBA(255,255,255,0)\u00bb custom_margin=\u00bb-10px||||false|false\u00bb custom_padding=\u00bb24px|44px|24px|44px|true|true\u00bb border_width_all=\u00bb2px\u00bb border_color_all=\u00bb#FFFFFF\u00bb box_shadow_style=\u00bbpreset1&#8243; box_shadow_spread=\u00bb5px\u00bb global_colors_info=\u00bb{}\u00bb]<\/p>\n<p>\u00danase a la lista de espera para recibir una gran oferta de lanzamiento cuando la plataforma entre en funcionamiento.<\/p>\n<p>Solo nos pondremos en contacto con usted una vez, para informarle de que est\u00e1 lista.<\/p>\n<p>[\/et_pb_text][\/et_pb_column][et_pb_column type=\u00bb1_2&#8243; _builder_version=\u00bb4.17.4&#8243; _module_preset=\u00bbdefault\u00bb background_color=\u00bbRGBA(255,255,255,0)\u00bb global_colors_info=\u00bb{}\u00bb][et_pb_contact_form captcha=\u00bboff\u00bb email=\u00bbmira@eu-exit.com\u00bb title=\u00bbUnirse a la lista de espera\u00bb custom_message=\u00bbNuevo correo para la lista de espera:||et_pb_line_break_holder||%%Email%%\u00bb use_redirect=\u00bbon\u00bb redirect_url=\u00bbhttps:\/\/www.eu-exit.com\/es\/apuntese-a-la-lista-de-espera\/\u00bb success_message=\u00bbEst\u00e1 preparado para su SALIDA\u00bb submit_button_text=\u00bb\u00danase ahora\u00bb _builder_version=\u00bb4.17.4&#8243; _module_preset=\u00bbdefault\u00bb _unique_id=\u00bbbcf051b6-1ba6-4d9c-be70-6518e11390e3&#8243; form_field_background_color=\u00bbRGBA(255,255,255,0)\u00bb form_field_text_color=\u00bb#FFFFFF\u00bb form_field_focus_background_color=\u00bbRGBA(255,255,255,0)\u00bb form_field_focus_text_color=\u00bb#FFFFFF\u00bb form_field_custom_margin=\u00bb4px|0px||0px|false|false\u00bb title_level=\u00bbh4&#8243; title_font=\u00bbREBECA||||||||\u00bb title_text_align=\u00bbleft\u00bb title_text_color=\u00bb#FFFFFF\u00bb title_font_size=\u00bb22px\u00bb form_field_font=\u00bbMontserrat|500|||||||\u00bb form_field_text_align=\u00bbleft\u00bb form_field_font_size=\u00bb16px\u00bb background_color=\u00bbRGBA(255,255,255,0)\u00bb custom_button=\u00bbon\u00bb button_text_size=\u00bb22px\u00bb button_text_color=\u00bb#FFFFFF\u00bb button_bg_color=\u00bbRGBA(255,255,255,0)\u00bb button_border_color=\u00bb#fe304c\u00bb button_border_radius=\u00bb22px\u00bb button_font=\u00bbMontserrat|||on|||||\u00bb button_icon=\u00bb&#xf054;||fa||900&#8243; button_icon_color=\u00bb#6302b6&#8243; button_custom_margin=\u00bb13px|0px|0px|0px|false|true\u00bb button_custom_padding=\u00bb|15px||15px|false|true\u00bb text_orientation=\u00bbleft\u00bb module_alignment=\u00bbcenter\u00bb custom_margin=\u00bb15px|0px||0px|false|false\u00bb custom_padding=\u00bb0px|0px||0px|false|false\u00bb border_color_all=\u00bb#FFFFFF\u00bb box_shadow_style=\u00bbpreset1&#8243; box_shadow_style_button=\u00bbpreset1&#8243; box_shadow_blur_button=\u00bb33px\u00bb box_shadow_spread_button=\u00bb4px\u00bb global_colors_info=\u00bb{}\u00bb][et_pb_contact_field field_id=\u00bbEmail\u00bb field_title=\u00bbDirecci\u00f3n de correo electr\u00f3nico\u00bb field_type=\u00bbemail\u00bb fullwidth_field=\u00bbon\u00bb _builder_version=\u00bb4.17.4&#8243; form_field_font=\u00bbMontserrat|500|||||||\u00bb border_width_all=\u00bb2px\u00bb border_color_all=\u00bb#fe304c\u00bb global_colors_info=\u00bb{}\u00bb button_text_size__hover_enabled=\u00bboff\u00bb button_one_text_size__hover_enabled=\u00bboff\u00bb button_two_text_size__hover_enabled=\u00bboff\u00bb button_text_color__hover_enabled=\u00bboff\u00bb button_one_text_color__hover_enabled=\u00bboff\u00bb button_two_text_color__hover_enabled=\u00bboff\u00bb button_border_width__hover_enabled=\u00bboff\u00bb button_one_border_width__hover_enabled=\u00bboff\u00bb button_two_border_width__hover_enabled=\u00bboff\u00bb button_border_color__hover_enabled=\u00bboff\u00bb button_one_border_color__hover_enabled=\u00bboff\u00bb button_two_border_color__hover_enabled=\u00bboff\u00bb button_border_radius__hover_enabled=\u00bboff\u00bb button_one_border_radius__hover_enabled=\u00bboff\u00bb button_two_border_radius__hover_enabled=\u00bboff\u00bb button_letter_spacing__hover_enabled=\u00bboff\u00bb button_one_letter_spacing__hover_enabled=\u00bboff\u00bb button_two_letter_spacing__hover_enabled=\u00bboff\u00bb button_bg_color__hover_enabled=\u00bboff\u00bb button_one_bg_color__hover_enabled=\u00bboff\u00bb button_two_bg_color__hover_enabled=\u00bboff\u00bb][\/et_pb_contact_field][\/et_pb_contact_form][\/et_pb_column][\/et_pb_row][et_pb_row _builder_version=\u00bb4.17.4&#8243; _module_preset=\u00bbdefault\u00bb global_colors_info=\u00bb{}\u00bb][et_pb_column type=\u00bb4_4&#8243; _builder_version=\u00bb4.17.4&#8243; _module_preset=\u00bbdefault\u00bb global_colors_info=\u00bb{}\u00bb][et_pb_text _builder_version=\u00bb4.17.4&#8243; _module_preset=\u00bbdefault\u00bb text_font=\u00bbMontserrat|300|||||||\u00bb text_text_color=\u00bb#FFFFFF\u00bb global_colors_info=\u00bb{}\u00bb]<\/p>\n<p>Al unirse a la lista de espera, acepta recibir una notificaci\u00f3n \u00fanica cuando se lance EU-EXIT.<\/p>\n<p>Sus datos no se compartir\u00e1n. Puede darse de baja en cualquier momento.<\/p>\n<p><a href=\"https:\/\/www.eu-exit.com\/privacy-policy\" target=\"_blank\" rel=\"noopener\" title=\"Pol\u00edtica de privacidad\"><b>Pol\u00edtica de privacidad<\/b><\/a><\/p>\n<p>[\/et_pb_text][\/et_pb_column][\/et_pb_row][\/et_pb_section]<\/p>\n","protected":false},"excerpt":{"rendered":"<p>EU-EXITSalir es una decisi\u00f3n. La estructura lo hace posible.\u00bfQu\u00e9 es EU-EXIT?EU-EXIT est\u00e1 construyendo una plataforma que ayuda a particulares y empresas a gestionar su salida de la Uni\u00f3n Europea, paso a paso, sin presiones ni complejidades innecesarias. Es una infraestructura digital que convierte las decisiones de salida en un proceso claro y sencillo, paso a [&hellip;]<\/p>\n","protected":false},"author":3,"featured_media":0,"parent":0,"menu_order":0,"comment_status":"closed","ping_status":"closed","template":"","meta":{"_et_pb_use_builder":"on","_et_pb_old_content":"","_et_gb_content_width":"","footnotes":""},"class_list":["post-329","page","type-page","status-publish","hentry"],"_links":{"self":[{"href":"https:\/\/www.eu-exit.com\/es\/wp-json\/wp\/v2\/pages\/329","targetHints":{"allow":["GET"]}}],"collection":[{"href":"https:\/\/www.eu-exit.com\/es\/wp-json\/wp\/v2\/pages"}],"about":[{"href":"https:\/\/www.eu-exit.com\/es\/wp-json\/wp\/v2\/types\/page"}],"author":[{"embeddable":true,"href":"https:\/\/www.eu-exit.com\/es\/wp-json\/wp\/v2\/users\/3"}],"replies":[{"embeddable":true,"href":"https:\/\/www.eu-exit.com\/es\/wp-json\/wp\/v2\/comments?post=329"}],"version-history":[{"count":5,"href":"https:\/\/www.eu-exit.com\/es\/wp-json\/wp\/v2\/pages\/329\/revisions"}],"predecessor-version":[{"id":352,"href":"https:\/\/www.eu-exit.com\/es\/wp-json\/wp\/v2\/pages\/329\/revisions\/352"}],"wp:attachment":[{"href":"https:\/\/www.eu-exit.com\/es\/wp-json\/wp\/v2\/media?parent=329"}],"curies":[{"name":"wp","href":"https:\/\/api.w.org\/{rel}","templated":true}]}}