{"id":184,"date":"2025-12-23T19:16:41","date_gmt":"2025-12-23T19:16:41","guid":{"rendered":"https:\/\/www.eu-exit.com\/datenschutzrichtlinie\/"},"modified":"2025-12-25T18:06:54","modified_gmt":"2025-12-25T18:06:54","slug":"datenschutzrichtlinie","status":"publish","type":"page","link":"https:\/\/www.eu-exit.com\/de\/datenschutzrichtlinie\/","title":{"rendered":"Datenschutzerkl\u00e4rung"},"content":{"rendered":"<p>[et_pb_section fb_built=&#8220;1&#8243; _builder_version=&#8220;4.17.4&#8243; _module_preset=&#8220;default&#8220; background_color=&#8220;#FFFFFF&#8220; use_background_color_gradient=&#8220;on&#8220; background_color_gradient_stops=&#8220;#2d005d 51%|rgba(105, 14, 88, 1) 68%|#fe304c 100%&#8220; hover_enabled=&#8220;0&#8243; global_colors_info=&#8220;{}&#8220; background_color_gradient_direction=&#8220;158deg&#8220; sticky_enabled=&#8220;0&#8243; background_last_edited=&#8220;on|desktop&#8220; background_color_gradient_direction_phone=&#8220;156deg&#8220; background_color_gradient_direction_tablet=&#8220;156deg&#8220;][et_pb_row _builder_version=&#8220;4.17.4&#8243; _module_preset=&#8220;default&#8220; global_colors_info=&#8220;{}&#8220;][et_pb_column type=&#8220;4_4&#8243; _builder_version=&#8220;4.17.4&#8243; _module_preset=&#8220;default&#8220; global_colors_info=&#8220;{}&#8220;][et_pb_text _builder_version=&#8220;4.17.4&#8243; _module_preset=&#8220;default&#8220; header_font=&#8220;REBECA||||||||&#8220; header_text_align=&#8220;center&#8220; header_text_color=&#8220;#FFFFFF&#8220; header_font_size=&#8220;64px&#8220; module_alignment=&#8220;center&#8220; custom_margin=&#8220;||1px|||&#8220; global_colors_info=&#8220;{}&#8220;]<\/p>\n<h1>EU-EXIT<\/h1>\n<p>[\/et_pb_text][\/et_pb_column][\/et_pb_row][et_pb_row _builder_version=&#8220;4.17.4&#8243; _module_preset=&#8220;default&#8220; module_alignment=&#8220;center&#8220; custom_margin=&#8220;30px|0px||0px|false|true&#8220; custom_padding=&#8220;|0px||0px|false|true&#8220; global_colors_info=&#8220;{}&#8220;][et_pb_column type=&#8220;4_4&#8243; _builder_version=&#8220;4.17.4&#8243; _module_preset=&#8220;default&#8220; global_colors_info=&#8220;{}&#8220;][et_pb_text _builder_version=&#8220;4.17.4&#8243; _module_preset=&#8220;default&#8220; text_font=&#8220;REBECA||||||||&#8220; text_text_color=&#8220;#fe304c&#8220; text_font_size=&#8220;22px&#8220; global_colors_info=&#8220;{}&#8220;]<\/p>\n<p><b>Datenschutzerkl\u00e4rung<\/b><\/p>\n<p>[\/et_pb_text][et_pb_text _builder_version=&#8220;4.17.4&#8243; _module_preset=&#8220;default&#8220; text_font=&#8220;Montserrat|300|||||||&#8220; text_text_color=&#8220;#FFFFFF&#8220; text_font_size=&#8220;22px&#8220; global_colors_info=&#8220;{}&#8220;]<\/p>\n<p>Letzte Aktualisierung: 23.12.2025<\/p>\n<p>EU-EXIT respektiert deine Privatsph\u00e4re und verpflichtet sich, deine pers\u00f6nlichen Daten zu sch\u00fctzen.<\/p>\n<p>Diese Datenschutzrichtlinie erl\u00e4utert, wie wir deine Daten erfassen, verwenden und sch\u00fctzen, wenn du unsere Website besuchst und der EU-EXIT-Warteliste beitrittst.<\/p>\n<p>\u2e3b<\/p>\n<p><b>1. Datenverantwortlicher<\/b><\/p>\n<p>Der Datenverantwortliche f\u00fcr die Verarbeitung deine personenbezogenen Daten ist:<\/p>\n<p>EU-EXIT<\/p>\n<p>Bakhtrioni Stra\u00dfe N 22<\/p>\n<p>Apartment N 75<\/p>\n<p>0160 Tiblisi<\/p>\n<p>Georgien<\/p>\n<p>&nbsp;<\/p>\n<p>E-Mail: contact@eu-exit.com<\/p>\n<p>&nbsp;<\/p>\n<p>EU-EXIT wird von einem in Georgien ans\u00e4ssigen Unternehmen betrieben.<\/p>\n<p>\u2e3b<\/p>\n<p><b>2. Welche Daten wir erfassen<\/b><\/p>\n<p>Wenn du der EU-EXIT-Warteliste beitreten, erfassen wir:<\/p>\n<p><span class=\"Apple-tab-span\"> <\/span>\u2022<span class=\"Apple-tab-span\"> <\/span>Deine E-Mail-Adresse<\/p>\n<p>In dieser Phase werden keine zus\u00e4tzlichen personenbezogenen Daten erfasst.<\/p>\n<p>\u2e3b<\/p>\n<p><b>3. Zweck der Datenverarbeitung<\/b><\/p>\n<p>Deine E-Mail-Adresse wird <b>ausschlie\u00dflich<\/b> f\u00fcr den folgenden Zweck erfasst:<\/p>\n<p><span class=\"Apple-tab-span\"> <\/span>\u2022<span class=\"Apple-tab-span\"> <\/span>Um dich zu benachrichtigen, sobald die EU-EXIT-Plattform startet<\/p>\n<p><span class=\"Apple-tab-span\"> <\/span>\u2022<span class=\"Apple-tab-span\"> <\/span>Um dich \u00fcber das dazugeh\u00f6rige Startangebot zu informieren<\/p>\n<p>Wir versenden <b>keine<\/b> Newsletter.<\/p>\n<p>Wir betreiben <b>keine<\/b> fortlaufende Marketingkommunikation.<\/p>\n<p>\u2e3b<\/p>\n<p><b>4. Rechtsgrundlage f\u00fcr die Verarbeitung<\/b><\/p>\n<p>Die Rechtsgrundlage f\u00fcr die Verarbeitung Ihrer personenbezogenen Daten ist:<\/p>\n<p><span class=\"Apple-tab-span\"> <\/span>\u2022<span class=\"Apple-tab-span\"> <\/span><b>Artikel 6 Absatz 1 Buchstabe a DSGVO<\/b> \u2014 Deine Einwilligung<\/p>\n<p>Du erteilst deine Einwilligung, indem du deine E-Mail-Adresse freiwillig \u00fcber das Wartelistenformular \u00fcbermittelst.<\/p>\n<p>\u2e3b<\/p>\n<p><b>5. Datenspeicherung und -aufbewahrung<\/b><\/p>\n<p>Deine E-Mail-Adresse wird gespeichert:<\/p>\n<p><span class=\"Apple-tab-span\"> <\/span>\u2022<span class=\"Apple-tab-span\"> <\/span>Nur so lange, wie es zur Erf\u00fcllung des Zwecks der Startbenachrichtigung erforderlich ist<\/p>\n<p><span class=\"Apple-tab-span\"> <\/span>\u2022<span class=\"Apple-tab-span\"> <\/span>Oder bis du deine Einwilligung widerrufst<\/p>\n<p>Du kannst jederzeit die L\u00f6schung deiner Daten beantragen.<\/p>\n<p>\u2e3b<\/p>\n<p><b>6. Datenweitergabe<\/b><\/p>\n<p>Wir verkaufen, vermieten oder teilen Ihre personenbezogenen Daten <b>nicht<\/b> an Dritte.<\/p>\n<p>Deine Daten werden ausschlie\u00dflich innerhalb des EU-EXIT-Projekts verwendet.<\/p>\n<p>\u2e3b<\/p>\n<p><b>7. Daten\u00fcbermittlung<\/b><\/p>\n<p>Personenbezogene Daten k\u00f6nnen au\u00dferhalb der Europ\u00e4ischen Union verarbeitet werden.<\/p>\n<p>EU-EXIT stellt sicher, dass geeignete Sicherheitsvorkehrungen getroffen werden, um deine Daten in \u00dcbereinstimmung mit den geltenden Datenschutzbestimmungen zu sch\u00fctzen.<\/p>\n<p>\u2e3b<\/p>\n<p><b>8. Deine Rechte (DSGVO)<\/b><\/p>\n<p>Wenn Du dich in der Europ\u00e4ischen Union befindest, hast du das Recht:<\/p>\n<p><span class=\"Apple-tab-span\"> <\/span>\u2022<span class=\"Apple-tab-span\"> <\/span>Auf deine personenbezogenen Daten zuzugreifen<\/p>\n<p><span class=\"Apple-tab-span\"> <\/span>\u2022<span class=\"Apple-tab-span\"> <\/span>Korrektur oder L\u00f6schung zu beantragen<\/p>\n<p><span class=\"Apple-tab-span\"> <\/span>\u2022<span class=\"Apple-tab-span\"> <\/span>Die Einwilligung jederzeit zu widerrufen<\/p>\n<p><span class=\"Apple-tab-span\"> <\/span>\u2022<span class=\"Apple-tab-span\"> <\/span>Die Einschr\u00e4nkung der Verarbeitung zu beantragen<\/p>\n<p><span class=\"Apple-tab-span\"> <\/span>\u2022<span class=\"Apple-tab-span\"> <\/span>Eine Beschwerde bei einer Aufsichtsbeh\u00f6rde einzureichen<\/p>\n<p>&nbsp;<\/p>\n<p>Um eines dieser Rechte auszu\u00fcben, wenden Sie sich an:<\/p>\n<p><b>contact@eu-exit.com<\/b><\/p>\n<p>\u2e3b<\/p>\n<p><b>9. Cookies &amp; Tracking<\/b><\/p>\n<p>EU-EXIT verwendet auf der Coming-Soon-Seite keine Tracking-Cookies f\u00fcr Marketingzwecke.<\/p>\n<p>Sollte sich dies in Zukunft \u00e4ndern, wird diese Datenschutzrichtlinie entsprechend aktualisiert.<\/p>\n<p>\u2e3b<\/p>\n<p><b>10. \u00c4nderungen an dieser Richtlinie<\/b><\/p>\n<p>Diese Datenschutzrichtlinie kann aktualisiert werden, um \u00c4nderungen an der Plattform oder an den gesetzlichen Bestimmungen widerzuspiegeln.<\/p>\n<p>Die aktuelle Version ist jederzeit auf dieser Seite verf\u00fcgbar.<\/p>\n<p>\u2e3b<\/p>\n<p>[\/et_pb_text][\/et_pb_column][\/et_pb_row][\/et_pb_section]<\/p>\n","protected":false},"excerpt":{"rendered":"<p>EU-EXITDatenschutzerkl\u00e4rungLetzte Aktualisierung: 23.12.2025 EU-EXIT respektiert deine Privatsph\u00e4re und verpflichtet sich, deine pers\u00f6nlichen Daten zu sch\u00fctzen. Diese Datenschutzrichtlinie erl\u00e4utert, wie wir deine Daten erfassen, verwenden und sch\u00fctzen, wenn du unsere Website besuchst und der EU-EXIT-Warteliste beitrittst. \u2e3b 1. Datenverantwortlicher Der Datenverantwortliche f\u00fcr die Verarbeitung deine personenbezogenen Daten ist: EU-EXIT Bakhtrioni Stra\u00dfe N 22 Apartment N 75 [&hellip;]<\/p>\n","protected":false},"author":3,"featured_media":0,"parent":0,"menu_order":0,"comment_status":"closed","ping_status":"closed","template":"","meta":{"_et_pb_use_builder":"on","_et_pb_old_content":"","_et_gb_content_width":"","footnotes":""},"class_list":["post-184","page","type-page","status-publish","hentry"],"_links":{"self":[{"href":"https:\/\/www.eu-exit.com\/de\/wp-json\/wp\/v2\/pages\/184","targetHints":{"allow":["GET"]}}],"collection":[{"href":"https:\/\/www.eu-exit.com\/de\/wp-json\/wp\/v2\/pages"}],"about":[{"href":"https:\/\/www.eu-exit.com\/de\/wp-json\/wp\/v2\/types\/page"}],"author":[{"embeddable":true,"href":"https:\/\/www.eu-exit.com\/de\/wp-json\/wp\/v2\/users\/3"}],"replies":[{"embeddable":true,"href":"https:\/\/www.eu-exit.com\/de\/wp-json\/wp\/v2\/comments?post=184"}],"version-history":[{"count":9,"href":"https:\/\/www.eu-exit.com\/de\/wp-json\/wp\/v2\/pages\/184\/revisions"}],"predecessor-version":[{"id":264,"href":"https:\/\/www.eu-exit.com\/de\/wp-json\/wp\/v2\/pages\/184\/revisions\/264"}],"wp:attachment":[{"href":"https:\/\/www.eu-exit.com\/de\/wp-json\/wp\/v2\/media?parent=184"}],"curies":[{"name":"wp","href":"https:\/\/api.w.org\/{rel}","templated":true}]}}