{"id":173,"date":"2025-12-19T13:40:16","date_gmt":"2025-12-19T13:40:16","guid":{"rendered":"https:\/\/www.eu-exit.com\/bald-verfuegbar\/"},"modified":"2025-12-25T17:56:30","modified_gmt":"2025-12-25T17:56:30","slug":"bald-verfuegbar","status":"publish","type":"page","link":"https:\/\/www.eu-exit.com\/de\/","title":{"rendered":"COMING SOON"},"content":{"rendered":"<p>[et_pb_section fb_built=&#8220;1&#8243; _builder_version=&#8220;4.17.4&#8243; _module_preset=&#8220;default&#8220; background_color=&#8220;#FFFFFF&#8220; use_background_color_gradient=&#8220;on&#8220; background_color_gradient_stops=&#8220;#2d005d 52%|#fe304c 100%&#8220; hover_enabled=&#8220;0&#8243; background_last_edited=&#8220;on|phone&#8220; use_background_color_gradient_phone=&#8220;on&#8220; background_color_gradient_stops_phone=&#8220;#2d005d 77%|#fe304c 100%&#8220; global_colors_info=&#8220;{}&#8220; sticky_enabled=&#8220;0&#8243; background_color_gradient_direction_radial_phone=&#8220;right&#8220; background_color_gradient_type_phone=&#8220;linear&#8220; background_color_gradient_unit_tablet=&#8220;%&#8220; background_color_gradient_type_tablet=&#8220;linear&#8220; background_color_gradient_stops_tablet=&#8220;#2d005d 55%|#fe304c 100%&#8220; background_color_gradient_repeat_tablet=&#8220;off&#8220; background_color_gradient_direction_tablet=&#8220;160deg&#8220; use_background_color_gradient_tablet=&#8220;on&#8220; background_color_gradient_direction=&#8220;167deg&#8220;][et_pb_row _builder_version=&#8220;4.17.4&#8243; _module_preset=&#8220;default&#8220; global_colors_info=&#8220;{}&#8220;][et_pb_column type=&#8220;4_4&#8243; _builder_version=&#8220;4.17.4&#8243; _module_preset=&#8220;default&#8220; global_colors_info=&#8220;{}&#8220;][et_pb_text _builder_version=&#8220;4.17.4&#8243; _module_preset=&#8220;default&#8220; header_font=&#8220;REBECA||||||||&#8220; header_text_align=&#8220;center&#8220; header_text_color=&#8220;#FFFFFF&#8220; header_font_size=&#8220;64px&#8220; module_alignment=&#8220;center&#8220; custom_margin=&#8220;||1px|||&#8220; global_colors_info=&#8220;{}&#8220;]<\/p>\n<h1>EU-EXIT<\/h1>\n<p>[\/et_pb_text][\/et_pb_column][\/et_pb_row][et_pb_row _builder_version=&#8220;4.17.4&#8243; _module_preset=&#8220;default&#8220; global_colors_info=&#8220;{}&#8220;][et_pb_column type=&#8220;4_4&#8243; _builder_version=&#8220;4.17.4&#8243; _module_preset=&#8220;default&#8220; global_colors_info=&#8220;{}&#8220;][et_pb_text _builder_version=&#8220;4.17.4&#8243; _module_preset=&#8220;default&#8220; header_font=&#8220;Montserrat||||||||&#8220; header_text_color=&#8220;#FFFFFF&#8220; header_2_font=&#8220;Montserrat|300|||||||&#8220; header_2_text_align=&#8220;center&#8220; header_2_text_color=&#8220;#FFFFFF&#8220; header_2_font_size=&#8220;34px&#8220; global_colors_info=&#8220;{}&#8220;]<\/p>\n<h2>Ausstieg ist eine Entscheidung. Struktur macht ihn m\u00f6glich. <\/h2>\n<p>[\/et_pb_text][\/et_pb_column][\/et_pb_row][et_pb_row _builder_version=&#8220;4.17.4&#8243; _module_preset=&#8220;default&#8220; module_alignment=&#8220;center&#8220; custom_margin=&#8220;30px|0px||0px|false|true&#8220; custom_padding=&#8220;|0px||0px|false|true&#8220; global_colors_info=&#8220;{}&#8220;][et_pb_column type=&#8220;4_4&#8243; _builder_version=&#8220;4.17.4&#8243; _module_preset=&#8220;default&#8220; global_colors_info=&#8220;{}&#8220;][et_pb_text _builder_version=&#8220;4.17.4&#8243; _module_preset=&#8220;default&#8220; text_font=&#8220;REBECA||||||||&#8220; text_text_color=&#8220;#fe304c&#8220; text_font_size=&#8220;22px&#8220; global_colors_info=&#8220;{}&#8220;]<\/p>\n<p>Was ist EU-EXIT?<\/p>\n<p>[\/et_pb_text][et_pb_text _builder_version=&#8220;4.17.4&#8243; _module_preset=&#8220;default&#8220; text_font=&#8220;Montserrat|300|||||||&#8220; text_text_color=&#8220;#FFFFFF&#8220; text_font_size=&#8220;22px&#8220; global_colors_info=&#8220;{}&#8220;]<\/p>\n<p>EU-EXIT entwickelt eine Plattform, die Einzelpersonen und Unternehmen dabei hilft, ihren Ausstieg aus der Europ\u00e4ischen Union zu gestalten \u2013 Schritt f\u00fcr Schritt, ohne Druck und ohne unn\u00f6tige Komplexit\u00e4t.<\/p>\n<p>Es ist eine digitale Infrastruktur, die Ausstiegsentscheidungen in einen klaren, einfachen Schritt-f\u00fcr-Schritt-Prozess verwandelt.<\/p>\n<p>[\/et_pb_text][\/et_pb_column][\/et_pb_row][et_pb_row _builder_version=&#8220;4.17.4&#8243; _module_preset=&#8220;default&#8220; width=&#8220;100%&#8220; max_width=&#8220;2560px&#8220; module_alignment=&#8220;center&#8220; custom_margin=&#8220;|0px||0px|false|false&#8220; custom_padding=&#8220;45px|0px||0px|false|false&#8220; global_colors_info=&#8220;{}&#8220;][et_pb_column type=&#8220;4_4&#8243; _builder_version=&#8220;4.17.4&#8243; _module_preset=&#8220;default&#8220; global_colors_info=&#8220;{}&#8220;][et_pb_text _builder_version=&#8220;4.17.4&#8243; _module_preset=&#8220;default&#8220; text_font=&#8220;REBECA|||on|||||&#8220; text_text_color=&#8220;#fe304c&#8220; text_font_size=&#8220;22px&#8220; text_orientation=&#8220;center&#8220; global_colors_info=&#8220;{}&#8220;]<\/p>\n<p>F\u00fcr WEN ist EU-EXIT?<\/p>\n<p>[\/et_pb_text][\/et_pb_column][\/et_pb_row][et_pb_row column_structure=&#8220;1_4,1_4,1_4,1_4&#8243; _builder_version=&#8220;4.17.4&#8243; _module_preset=&#8220;default&#8220; global_colors_info=&#8220;{}&#8220;][et_pb_column type=&#8220;1_4&#8243; _builder_version=&#8220;4.17.4&#8243; _module_preset=&#8220;default&#8220; global_colors_info=&#8220;{}&#8220;][et_pb_image src=&#8220;https:\/\/www.eu-exit.com\/wp-content\/uploads\/2025\/12\/16.png&#8220; title_text=&#8220;Einzelpersonen&#8220; align=&#8220;center&#8220; _builder_version=&#8220;4.17.4&#8243; _module_preset=&#8220;default&#8220; width=&#8220;60%&#8220; module_alignment=&#8220;center&#8220; global_colors_info=&#8220;{}&#8220;][\/et_pb_image][et_pb_text _builder_version=&#8220;4.17.4&#8243; _module_preset=&#8220;default&#8220; text_font=&#8220;Montserrat|600||on|||||&#8220; text_text_color=&#8220;#FFFFFF&#8220; text_orientation=&#8220;center&#8220; global_colors_info=&#8220;{}&#8220;]<\/p>\n<p>Souver\u00e4ne Einzelpersonen<\/p>\n<p>[\/et_pb_text][et_pb_image src=&#8220;https:\/\/www.eu-exit.com\/wp-content\/uploads\/2025\/12\/18.png&#8220; title_text=&#8220;Krypto-H\u00e4ndler &amp; Investoren&#8220; align=&#8220;center&#8220; _builder_version=&#8220;4.17.4&#8243; _module_preset=&#8220;default&#8220; width=&#8220;60%&#8220; module_alignment=&#8220;center&#8220; global_colors_info=&#8220;{}&#8220;][\/et_pb_image][et_pb_text _builder_version=&#8220;4.17.4&#8243; _module_preset=&#8220;default&#8220; text_font=&#8220;Montserrat|600||on|||||&#8220; text_text_color=&#8220;#FFFFFF&#8220; text_orientation=&#8220;center&#8220; global_colors_info=&#8220;{}&#8220;]<\/p>\n<p>Krypto-H\u00e4ndler &amp; Investoren<\/p>\n<p>[\/et_pb_text][\/et_pb_column][et_pb_column type=&#8220;1_4&#8243; _builder_version=&#8220;4.17.4&#8243; _module_preset=&#8220;default&#8220; global_colors_info=&#8220;{}&#8220;][et_pb_image src=&#8220;https:\/\/www.eu-exit.com\/wp-content\/uploads\/2025\/12\/15.png&#8220; title_text=&#8220;Digitale Nomaden&#8220; align=&#8220;center&#8220; _builder_version=&#8220;4.17.4&#8243; _module_preset=&#8220;default&#8220; width=&#8220;60%&#8220; module_alignment=&#8220;center&#8220; global_colors_info=&#8220;{}&#8220;][\/et_pb_image][et_pb_text _builder_version=&#8220;4.17.4&#8243; _module_preset=&#8220;default&#8220; text_font=&#8220;Montserrat|600||on|||||&#8220; text_text_color=&#8220;#FFFFFF&#8220; text_orientation=&#8220;center&#8220; global_colors_info=&#8220;{}&#8220;]<\/p>\n<p>Digitale Nomaden<\/p>\n<p>[\/et_pb_text][et_pb_image src=&#8220;https:\/\/www.eu-exit.com\/wp-content\/uploads\/2025\/12\/20.png&#8220; title_text=&#8220;Bewusste Entscheider&#8220; align=&#8220;center&#8220; _builder_version=&#8220;4.17.4&#8243; _module_preset=&#8220;default&#8220; width=&#8220;60%&#8220; module_alignment=&#8220;center&#8220; global_colors_info=&#8220;{}&#8220;][\/et_pb_image][et_pb_text _builder_version=&#8220;4.17.4&#8243; _module_preset=&#8220;default&#8220; text_font=&#8220;Montserrat|600||on|||||&#8220; text_text_color=&#8220;#FFFFFF&#8220; text_orientation=&#8220;center&#8220; global_colors_info=&#8220;{}&#8220;]<\/p>\n<p>Bewusste Entscheider<\/p>\n<p>[\/et_pb_text][\/et_pb_column][et_pb_column type=&#8220;1_4&#8243; _builder_version=&#8220;4.17.4&#8243; _module_preset=&#8220;default&#8220; global_colors_info=&#8220;{}&#8220;][et_pb_image src=&#8220;https:\/\/www.eu-exit.com\/wp-content\/uploads\/2025\/12\/17.png&#8220; title_text=&#8220;Unternehmer&#8220; align=&#8220;center&#8220; _builder_version=&#8220;4.17.4&#8243; _module_preset=&#8220;default&#8220; width=&#8220;60%&#8220; module_alignment=&#8220;center&#8220; global_colors_info=&#8220;{}&#8220;][\/et_pb_image][et_pb_text _builder_version=&#8220;4.17.4&#8243; _module_preset=&#8220;default&#8220; text_font=&#8220;Montserrat|600||on|||||&#8220; text_text_color=&#8220;#FFFFFF&#8220; text_orientation=&#8220;center&#8220; global_colors_info=&#8220;{}&#8220;]<\/p>\n<p>Strategische Unternehmer<\/p>\n<p>[\/et_pb_text][et_pb_image src=&#8220;https:\/\/www.eu-exit.com\/wp-content\/uploads\/2025\/12\/21.png&#8220; title_text=&#8220;Freiheitssuchende&#8220; align=&#8220;center&#8220; _builder_version=&#8220;4.17.4&#8243; _module_preset=&#8220;default&#8220; width=&#8220;60%&#8220; module_alignment=&#8220;center&#8220; global_colors_info=&#8220;{}&#8220;][\/et_pb_image][et_pb_text _builder_version=&#8220;4.17.4&#8243; _module_preset=&#8220;default&#8220; text_font=&#8220;Montserrat|600||on|||||&#8220; text_text_color=&#8220;#FFFFFF&#8220; text_orientation=&#8220;center&#8220; global_colors_info=&#8220;{}&#8220;]<\/p>\n<p>Unabh\u00e4ngige Freiheitssuchende<\/p>\n<p>[\/et_pb_text][\/et_pb_column][et_pb_column type=&#8220;1_4&#8243; _builder_version=&#8220;4.17.4&#8243; _module_preset=&#8220;default&#8220; global_colors_info=&#8220;{}&#8220;][et_pb_image src=&#8220;https:\/\/www.eu-exit.com\/wp-content\/uploads\/2025\/12\/14.png&#8220; title_text=&#8220;Unternehmen&#8220; align=&#8220;center&#8220; _builder_version=&#8220;4.17.4&#8243; _module_preset=&#8220;default&#8220; width=&#8220;60%&#8220; module_alignment=&#8220;center&#8220; global_colors_info=&#8220;{}&#8220;][\/et_pb_image][et_pb_text _builder_version=&#8220;4.17.4&#8243; _module_preset=&#8220;default&#8220; text_font=&#8220;Montserrat|600||on|||||&#8220; text_text_color=&#8220;#FFFFFF&#8220; text_orientation=&#8220;center&#8220; global_colors_info=&#8220;{}&#8220;]<\/p>\n<p>Strukturierte Unternehmen<\/p>\n<p>[\/et_pb_text][et_pb_image src=&#8220;https:\/\/www.eu-exit.com\/wp-content\/uploads\/2025\/12\/19.png&#8220; title_text=&#8220;Zukunftsgestalter&#8220; align=&#8220;center&#8220; _builder_version=&#8220;4.17.4&#8243; _module_preset=&#8220;default&#8220; width=&#8220;60%&#8220; module_alignment=&#8220;center&#8220; global_colors_info=&#8220;{}&#8220;][\/et_pb_image][et_pb_text _builder_version=&#8220;4.17.4&#8243; _module_preset=&#8220;default&#8220; text_font=&#8220;Montserrat|600||on|||||&#8220; text_text_color=&#8220;#FFFFFF&#8220; text_orientation=&#8220;center&#8220; global_colors_info=&#8220;{}&#8220;]<\/p>\n<p>Langfristige Zukunftsgestalter<\/p>\n<p>[\/et_pb_text][\/et_pb_column][\/et_pb_row][et_pb_row _builder_version=&#8220;4.17.4&#8243; _module_preset=&#8220;default&#8220; min_height=&#8220;294.3px&#8220; custom_margin=&#8220;18px|auto||auto||&#8220; global_colors_info=&#8220;{}&#8220;][et_pb_column type=&#8220;4_4&#8243; _builder_version=&#8220;4.17.4&#8243; _module_preset=&#8220;default&#8220; global_colors_info=&#8220;{}&#8220;][et_pb_text _builder_version=&#8220;4.17.4&#8243; _module_preset=&#8220;default&#8220; text_font=&#8220;REBECA|||on|||||&#8220; text_text_color=&#8220;#fe304c&#8220; text_font_size=&#8220;22px&#8220; text_line_height=&#8220;1.8em&#8220; global_colors_info=&#8220;{}&#8220;]<\/p>\n<p><b>EU-EXIT ist nicht f\u00fcr Jeden!<\/b><\/p>\n<p>[\/et_pb_text][et_pb_text _builder_version=&#8220;4.17.4&#8243; _module_preset=&#8220;default&#8220; text_font=&#8220;Montserrat|300|||||||&#8220; text_text_color=&#8220;#FFFFFF&#8220; text_font_size=&#8220;22px&#8220; global_colors_info=&#8220;{}&#8220;]<\/p>\n<p>Es ist f\u00fcr Menschen gemacht, die Klarheit der \u00dcberzeugung, Verantwortung den Steuertricks und Struktur der Improvisation vorziehen. Wir verlassen uns nicht auf endlose Anrufe, Verkaufs-Funnels oder Expertenpers\u00f6nlichkeiten. <\/p>\n<p>EU-EXIT ist als Plattform aufgebaut \u2013 nicht als pers\u00f6nliche Marke.<\/p>\n<p>Alles ist strukturiert, dokumentiert und transparent. Du gehst vorw\u00e4rts, wenn Du es entscheidest, nicht wenn dich jemand \u00fcberzeugt. <\/p>\n<p>Wenn Dir dieser Ansatz entspricht, ist EU-EXIT f\u00fcr Dich gemacht.<\/p>\n<p>[\/et_pb_text][\/et_pb_column][\/et_pb_row][et_pb_row _builder_version=&#8220;4.17.4&#8243; _module_preset=&#8220;default&#8220; custom_padding=&#8220;46px|||||&#8220; global_colors_info=&#8220;{}&#8220;][et_pb_column type=&#8220;4_4&#8243; _builder_version=&#8220;4.17.4&#8243; _module_preset=&#8220;default&#8220; global_colors_info=&#8220;{}&#8220;][et_pb_text _builder_version=&#8220;4.17.4&#8243; _module_preset=&#8220;default&#8220; text_font=&#8220;REBECA|||on|||||&#8220; text_text_color=&#8220;#fe304c&#8220; text_font_size=&#8220;22px&#8220; text_line_height=&#8220;1.8em&#8220; global_colors_info=&#8220;{}&#8220;]<\/p>\n<p><b>Der derzeit beste Exit-Pfad: Georgien<\/b><\/p>\n<p>[\/et_pb_text][et_pb_text _builder_version=&#8220;4.17.4&#8243; _module_preset=&#8220;default&#8220; text_font=&#8220;Montserrat|300|||||||&#8220; text_text_color=&#8220;#FFFFFF&#8220; text_font_size=&#8220;22px&#8220; global_colors_info=&#8220;{}&#8220;]<\/p>\n<p>Als Nicht-EU-Jurisdiktion bietet Georgien derzeit einen der praktischsten und ausgewogensten Rahmen f\u00fcr einen strukturierten Ausstieg aus der Europ\u00e4ischen Union, der rechtliche Klarheit, \u00fcberschaubare B\u00fcrokratie und N\u00e4he zu Europa vereint.<\/p>\n<p>Der Prozess kann weitgehend remote und innerhalb kurzer Zeit abgewickelt werden, was Georgien besonders f\u00fcr Einzelpersonen und Unternehmen zug\u00e4nglich macht, die einen effizienten \u00dcbergang suchen.<\/p>\n<p>Georgien ist auch eine der kryptofreundlichsten Umgebungen au\u00dferhalb der EU. Dementsprechend ist EU-EXIT von Grund auf kryptofreundlich und erm\u00f6glicht Zahlungen in Kryptow\u00e4hrung neben traditionellen Methoden. <\/p>\n<p>Aus diesen Gr\u00fcnden ist Georgien heute der st\u00e4rkste Ausgangspunkt f\u00fcr deinen EU-EXIT.<\/p>\n<p>[\/et_pb_text][\/et_pb_column][\/et_pb_row][et_pb_row _builder_version=&#8220;4.17.4&#8243; _module_preset=&#8220;default&#8220; custom_padding=&#8220;45px|||||&#8220; global_colors_info=&#8220;{}&#8220;][et_pb_column type=&#8220;4_4&#8243; _builder_version=&#8220;4.17.4&#8243; _module_preset=&#8220;default&#8220; global_colors_info=&#8220;{}&#8220;][et_pb_text _builder_version=&#8220;4.17.4&#8243; _module_preset=&#8220;default&#8220; text_font=&#8220;REBECA|||on|||||&#8220; text_text_color=&#8220;#fe304c&#8220; text_font_size=&#8220;22px&#8220; text_line_height=&#8220;1.8em&#8220; custom_margin=&#8220;||-15px||false|false&#8220; global_colors_info=&#8220;{}&#8220;]<\/p>\n<p><b>EU-Exit startet bald!<\/b><\/p>\n<p>[\/et_pb_text][\/et_pb_column][\/et_pb_row][et_pb_row column_structure=&#8220;1_2,1_2&#8243; _builder_version=&#8220;4.17.4&#8243; _module_preset=&#8220;default&#8220; background_color=&#8220;RGBA(255,255,255,0)&#8220; global_colors_info=&#8220;{}&#8220;][et_pb_column type=&#8220;1_2&#8243; _builder_version=&#8220;4.17.4&#8243; _module_preset=&#8220;default&#8220; background_color=&#8220;RGBA(255,255,255,0)&#8220; global_colors_info=&#8220;{}&#8220;][et_pb_text _builder_version=&#8220;4.17.4&#8243; _module_preset=&#8220;default&#8220; text_font=&#8220;Montserrat||||||||&#8220; text_text_color=&#8220;#FFFFFF&#8220; text_font_size=&#8220;20px&#8220; background_color=&#8220;RGBA(255,255,255,0)&#8220; custom_margin=&#8220;-10px||||false|false&#8220; custom_padding=&#8220;24px|44px|24px|44px|true|true&#8220; border_width_all=&#8220;2px&#8220; border_color_all=&#8220;#FFFFFF&#8220; box_shadow_style=&#8220;preset1&#8243; box_shadow_spread=&#8220;5px&#8220; global_colors_info=&#8220;{}&#8220;]<\/p>\n<p>Trete der Warteliste bei, um ein tolles Startangebot zu erhalten, sobald die Plattform live geht.<\/p>\n<p>Wir werden dich nur einmal kontaktieren \u2013 um dich wissen zu lassen, dass es soweit ist.<\/p>\n<p>[\/et_pb_text][\/et_pb_column][et_pb_column type=&#8220;1_2&#8243; _builder_version=&#8220;4.17.4&#8243; _module_preset=&#8220;default&#8220; background_color=&#8220;RGBA(255,255,255,0)&#8220; global_colors_info=&#8220;{}&#8220;][et_pb_contact_form captcha=&#8220;off&#8220; email=&#8220;mira@eu-exit.com&#8220; title=&#8220;Benachrichtigt mich zum START&#8220; custom_message=&#8220;Neue Mail f\u00fcr Warteliste:||et_pb_line_break_holder||%%Email%%&#8220; use_redirect=&#8220;on&#8220; redirect_url=&#8220;https:\/\/www.eu-exit.com\/de\/?page_id=206&#8243; success_message=&#8220;Du bist bereit f\u00fcr deinen EXIT&#8220; submit_button_text=&#8220;Los geht&#039;s&#8220; _builder_version=&#8220;4.17.4&#8243; _module_preset=&#8220;default&#8220; _unique_id=&#8220;bcf051b6-1ba6-4d9c-be70-6518e11390e3&#8243; form_field_background_color=&#8220;RGBA(255,255,255,0)&#8220; form_field_text_color=&#8220;#FFFFFF&#8220; form_field_focus_background_color=&#8220;RGBA(255,255,255,0)&#8220; form_field_focus_text_color=&#8220;#FFFFFF&#8220; form_field_custom_margin=&#8220;4px|0px||0px|false|false&#8220; title_level=&#8220;h4&#8243; title_font=&#8220;REBECA||||||||&#8220; title_text_align=&#8220;left&#8220; title_text_color=&#8220;#FFFFFF&#8220; title_font_size=&#8220;22px&#8220; form_field_font=&#8220;Montserrat|500|||||||&#8220; form_field_text_align=&#8220;left&#8220; form_field_font_size=&#8220;16px&#8220; background_color=&#8220;RGBA(255,255,255,0)&#8220; custom_button=&#8220;on&#8220; button_text_size=&#8220;22px&#8220; button_text_color=&#8220;#FFFFFF&#8220; button_bg_color=&#8220;RGBA(255,255,255,0)&#8220; button_border_color=&#8220;#fe304c&#8220; button_border_radius=&#8220;22px&#8220; button_font=&#8220;Montserrat|||on|||||&#8220; button_icon=&#8220;&#xf054;||fa||900&#8243; button_icon_color=&#8220;#6302b6&#8243; button_custom_margin=&#8220;13px|0px|0px|0px|false|true&#8220; button_custom_padding=&#8220;|15px||15px|false|true&#8220; text_orientation=&#8220;left&#8220; module_alignment=&#8220;center&#8220; custom_margin=&#8220;15px|0px||0px|false|false&#8220; custom_padding=&#8220;0px|0px||0px|false|false&#8220; border_color_all=&#8220;#FFFFFF&#8220; box_shadow_style=&#8220;preset1&#8243; box_shadow_style_button=&#8220;preset1&#8243; box_shadow_blur_button=&#8220;33px&#8220; box_shadow_spread_button=&#8220;4px&#8220; global_colors_info=&#8220;{}&#8220;][et_pb_contact_field field_id=&#8220;Email&#8220; field_title=&#8220;E-Mail-Adresse&#8220; field_type=&#8220;email&#8220; fullwidth_field=&#8220;on&#8220; _builder_version=&#8220;4.17.4&#8243; form_field_font=&#8220;Montserrat|500|||||||&#8220; border_width_all=&#8220;2px&#8220; border_color_all=&#8220;#fe304c&#8220; global_colors_info=&#8220;{}&#8220; button_text_size__hover_enabled=&#8220;off&#8220; button_one_text_size__hover_enabled=&#8220;off&#8220; button_two_text_size__hover_enabled=&#8220;off&#8220; button_text_color__hover_enabled=&#8220;off&#8220; button_one_text_color__hover_enabled=&#8220;off&#8220; button_two_text_color__hover_enabled=&#8220;off&#8220; button_border_width__hover_enabled=&#8220;off&#8220; button_one_border_width__hover_enabled=&#8220;off&#8220; button_two_border_width__hover_enabled=&#8220;off&#8220; button_border_color__hover_enabled=&#8220;off&#8220; button_one_border_color__hover_enabled=&#8220;off&#8220; button_two_border_color__hover_enabled=&#8220;off&#8220; button_border_radius__hover_enabled=&#8220;off&#8220; button_one_border_radius__hover_enabled=&#8220;off&#8220; button_two_border_radius__hover_enabled=&#8220;off&#8220; button_letter_spacing__hover_enabled=&#8220;off&#8220; button_one_letter_spacing__hover_enabled=&#8220;off&#8220; button_two_letter_spacing__hover_enabled=&#8220;off&#8220; button_bg_color__hover_enabled=&#8220;off&#8220; button_one_bg_color__hover_enabled=&#8220;off&#8220; button_two_bg_color__hover_enabled=&#8220;off&#8220;][\/et_pb_contact_field][\/et_pb_contact_form][\/et_pb_column][\/et_pb_row][et_pb_row _builder_version=&#8220;4.17.4&#8243; _module_preset=&#8220;default&#8220; global_colors_info=&#8220;{}&#8220;][et_pb_column type=&#8220;4_4&#8243; _builder_version=&#8220;4.17.4&#8243; _module_preset=&#8220;default&#8220; global_colors_info=&#8220;{}&#8220;][et_pb_text _builder_version=&#8220;4.17.4&#8243; _module_preset=&#8220;default&#8220; text_font=&#8220;Montserrat|300|||||||&#8220; text_text_color=&#8220;#FFFFFF&#8220; global_colors_info=&#8220;{}&#8220;]<\/p>\n<p>Durch den Beitritt zur Warteliste erkl\u00e4rst Du dich damit einverstanden, eine einmalige Benachrichtigung zu erhalten, wenn EU-EXIT startet.<\/p>\n<p>Deine Daten werden nicht weitergegeben. Du k\u00f6nnen sich jederzeit abmelden. <\/p>\n<p><a href=\"https:\/\/www.eu-exit.com\/privacy-policy\" target=\"_blank\" rel=\"noopener\" title=\"Datenschutzerrkl\u00e4rung\"><b>Datenschutzerkl\u00e4rung<\/b><\/a><\/p>\n<p>[\/et_pb_text][\/et_pb_column][\/et_pb_row][\/et_pb_section]<\/p>\n","protected":false},"excerpt":{"rendered":"<p>EU-EXITAusstieg ist eine Entscheidung. Struktur macht ihn m\u00f6glich. Was ist EU-EXIT?EU-EXIT entwickelt eine Plattform, die Einzelpersonen und Unternehmen dabei hilft, ihren Ausstieg aus der Europ\u00e4ischen Union zu gestalten \u2013 Schritt f\u00fcr Schritt, ohne Druck und ohne unn\u00f6tige Komplexit\u00e4t. Es ist eine digitale Infrastruktur, die Ausstiegsentscheidungen in einen klaren, einfachen Schritt-f\u00fcr-Schritt-Prozess verwandelt.F\u00fcr WEN ist EU-EXIT?Souver\u00e4ne EinzelpersonenKrypto-H\u00e4ndler [&hellip;]<\/p>\n","protected":false},"author":3,"featured_media":0,"parent":0,"menu_order":0,"comment_status":"closed","ping_status":"closed","template":"","meta":{"_et_pb_use_builder":"on","_et_pb_old_content":"","_et_gb_content_width":"","footnotes":""},"class_list":["post-173","page","type-page","status-publish","hentry"],"_links":{"self":[{"href":"https:\/\/www.eu-exit.com\/de\/wp-json\/wp\/v2\/pages\/173","targetHints":{"allow":["GET"]}}],"collection":[{"href":"https:\/\/www.eu-exit.com\/de\/wp-json\/wp\/v2\/pages"}],"about":[{"href":"https:\/\/www.eu-exit.com\/de\/wp-json\/wp\/v2\/types\/page"}],"author":[{"embeddable":true,"href":"https:\/\/www.eu-exit.com\/de\/wp-json\/wp\/v2\/users\/3"}],"replies":[{"embeddable":true,"href":"https:\/\/www.eu-exit.com\/de\/wp-json\/wp\/v2\/comments?post=173"}],"version-history":[{"count":12,"href":"https:\/\/www.eu-exit.com\/de\/wp-json\/wp\/v2\/pages\/173\/revisions"}],"predecessor-version":[{"id":258,"href":"https:\/\/www.eu-exit.com\/de\/wp-json\/wp\/v2\/pages\/173\/revisions\/258"}],"wp:attachment":[{"href":"https:\/\/www.eu-exit.com\/de\/wp-json\/wp\/v2\/media?parent=173"}],"curies":[{"name":"wp","href":"https:\/\/api.w.org\/{rel}","templated":true}]}}